{"id":1387,"date":"2017-08-16T11:39:13","date_gmt":"2017-08-16T09:39:13","guid":{"rendered":"https:\/\/wefri.dk\/fonde-legater\/"},"modified":"2023-06-22T08:27:37","modified_gmt":"2023-06-22T06:27:37","slug":"fund","status":"publish","type":"page","link":"https:\/\/wefri.dk\/en\/fund\/","title":{"rendered":"Fund &#038; Scholarships"},"content":{"rendered":"<div id=\"pl-1387\"  class=\"panel-layout\" ><div id=\"pg-1387-0\"  class=\"panel-grid panel-no-style\" ><div id=\"pgc-1387-0-0\"  class=\"panel-grid-cell\" ><div id=\"panel-1387-0-0-0\" class=\"so-panel widget widget_mtt-counter-banner panel-first-child panel-last-child\" data-index=\"0\" ><div\n\t\t\t\n\t\t\tclass=\"so-widget-mtt-counter-banner so-widget-mtt-counter-banner-base\"\n\t\t\t\n\t\t><div class=\"counter-banner\">\n\t<div class=\"counter-banner__background object-fit\">\n\t\t\t\t<img decoding=\"async\" src=\"https:\/\/wefri.dk\/wp-content\/uploads\/2018\/06\/DSC2435_Brands\u00f8_kyst2.jpg\" alt=\"\">\n\t<\/div>\n\t<div class=\"counter-banner__overlay\"><\/div>\n\t<div class=\"counter-banner__inner counter-is-empty\">\n\t\t<div class=\"counter-banner__content dark-bg\">\n\t\t\t\t\t\t\t\t<h3>Fonde og legater<\/h3>\n\t\t\t\t<p>Frijsenborg og Wedellsborg er stiftere af to fonde og legater. I dag fungerer de to som et samlet hele, og g\u00e5r under navnet<br \/>\nLensgreve Karls Wedells og Comtesse Agnes' Stiftelse.<\/p>\n\t\t<\/div>\n\t\t\t<\/div>\n<\/div>\n<\/div><\/div><\/div><\/div><div id=\"pg-1387-1\"  class=\"panel-grid panel-no-style\" ><div id=\"pgc-1387-1-0\"  class=\"panel-grid-cell\" ><div id=\"panel-1387-1-0-0\" class=\"so-panel widget widget_mtt-text-image panel-first-child panel-last-child\" data-index=\"1\" ><div\n\t\t\t\n\t\t\tclass=\"so-widget-mtt-text-image so-widget-mtt-text-image-base\"\n\t\t\t\n\t\t><div class=\"text-image-normal\">\n\t<div class=\"text-image-normal__inner\">\n\t\t<div class=\"text-image-normal__column\">\n\t\t\t\t\t\t\t\t<h3>Form\u00e5let med vores fonde og legater<\/h3>\n\t\t\t\t<p>\u00a73.1. At underst\u00f8tte tr\u00e6ngende enker eller medlemmer af den Wedell-Wedellsborgske sl\u00e6gt eller v\u00e6rdigt \u00e6gtef\u00f8dt afkom af familien, hvis fader eller moder er f\u00f8dt Wedell, efter de i \u00a7 5 i n\u00e6rv\u00e6rende fundats n\u00e6rmere fastsatte regler<\/p>\n<p>\u00a73.2. At underst\u00f8tte beboere p\u00e5 det tidligere grevskab Frijsenborg, som af bestyrelsen anses for v\u00e6rdige hertil, og som opfylder de i \u00a7 6 i n\u00e6rv\u00e6rende fundats n\u00e6rmere fastsatte regler<\/p>\n<p>\u00a73.3. At underst\u00f8tte personer, der ikke modtager eller har modtaget kontanthj\u00e6lp efter bistandsloven, herfra er dog undtaget syge- hj\u00e6lp, og som<\/p>\n<p>a) er f\u00f8dt i de sogne, hvor grevskabet Wedellsborg i sin tid var st\u00f8rste lodsejer, nemlig Husby, Tanderup, Sandager, Kerte, F\u00f8ns, \u00d8rslev, Udby, Balslev, Gamborg og Bog\u00f8 sogne, eller<\/p>\n<p>b) er eller har v\u00e6ret bruger af ejendomme tilh\u00f8rende det tidligere grevskab Wedellsborg eller ejeren af Wedellsborg Hovedg\u00e5rd, samt enker efter s\u00e5danne, eller<\/p>\n<p>c) er eller har v\u00e6ret ansat hos besidderen, eller enker efter s\u00e5danne, af det tidligere grevskab Wedellsborg eller ejeren af Wedellsborg Hovedg\u00e5rd, herunder skovarbejdere.<\/p>\n\t\t<\/div>\n\t\t<div class=\"text-image-normal__column text-image-normal__column--image\">\n\t\t\t<div class=\"text-image-normal__image-container\">\n\t\t\t\t\t\t\t\t\t<img decoding=\"async\" src=\"\" alt=\"\">\n\t\t\t\t\t\t\t<\/div>\n\t\t<\/div>\n\t<\/div>\n<\/div><\/div><\/div><\/div><\/div><div id=\"pg-1387-2\"  class=\"panel-grid panel-no-style\" ><div id=\"pgc-1387-2-0\"  class=\"panel-grid-cell\" ><div id=\"panel-1387-2-0-0\" class=\"so-panel widget widget_mtt-text-wall panel-first-child panel-last-child\" data-index=\"2\" ><div\n\t\t\t\n\t\t\tclass=\"so-widget-mtt-text-wall so-widget-mtt-text-wall-base\"\n\t\t\t\n\t\t><div class=\"text-wall\">\n\t<div class=\"text-wall__inner\">\n\t\t<div class=\"text-wall__section text-wall__section--title\">\n\t\t\t\t\t\t\t\t<h2>Adgang til legater for familien Wedell-Wedellsborg<\/h2>\n\t\t\t\t\t\t<\/div>\n\t\t<div class=\"text-wall__section\">\n\t\t\t<p class=\"p1\">Adgang til at komme i betragtning ved uddeling af Fondens legater under \u00a7 3, punkt 1 har under betingelse af Dansk indf\u00f8dsret:<\/p>\n<p class=\"p1\">\u00a75.1. \u00c6gtef\u00f8dte, hvis fader eller moder ved f\u00f8dsel er eller har v\u00e6ret berettiget til som medlem af linjen Wedell-Wedellsborg at b\u00e6re dennes navn, og<\/p>\n<p class=\"p1\">\u00a75.2. Enker efter medlemmer af linjen Wedell-Wedellsborg, der opfylder kravet i punkt 1.<\/p>\n<p class=\"p1\">Hvor s\u00e6rlige omst\u00e6ndigheder er til stede kan kvinder, som ved \u00e6gteskab har mistet deres danske indf\u00f8dsret, f\u00e5 dispensation fra denne betingelse. Dispensation gives af bestyrelsen.<\/p>\n<p class=\"p1\">De der er n\u00e6rmest besl\u00e6gtede med fondens stifter, skal ved tildelingen af legater og pensioner foretr\u00e6kkes for fjernere besl\u00e6gtede, n\u00e5r omst\u00e6ndighederne ellers er lige.<\/p>\n<p class=\"p1\">Bestyrelsen kan bevilge legater i en n\u00e6rmere bestemt \u00e5rr\u00e6kke, eller pensioner for livstid, til de under punkt 1. n\u00e6vnte, for s\u00e5 vidt de er, eller har v\u00e6ret i \u00e6gteskab samt til de under punkt 2. n\u00e6vnte enker. Bestyrelsen har ret til at ligestille \u00e6ldre, ugifte kvinder med enker.<\/p>\n\t\t<\/div>\n\t\t<div class=\"text-wall__section\">\n\t\t\t<p class=\"p1\">Bestyrelsen kan ligeledes bestemme, at andre ugifte kan tildeles et legat, eller flere legater i en bestemt \u00e5rr\u00e6kke efter bestyrelsens sk\u00f8n.<\/p>\n<p class=\"p1\">Bestyrelsen kan bestemme at andre ugifte modtager et legat i en bestemt \u00e5rr\u00e6kke.<\/p>\n<p class=\"p1\">Bestyrelsen kan ogs\u00e5 tildele legater i en bestemt \u00e5rr\u00e6kke til b\u00f8rn og unge menneskers opdragelse og uddannelse.<\/p>\n<p class=\"p1\">Bestyrelsen er berettiget til, at standse enhver nyder af allerede tildelte legater eller pensioner, disse legater eller pensioner, s\u00e5fremt bestyrelsen m\u00e5tte finde dette passende, under hensyntagen til nyderens v\u00e6rdighed og \u00f8konomiske situation.<\/p>\n<p class=\"p1\">S\u00e5fremt enker og fraskilte, der tidligere er blevet tildelt legater for en l\u00e6ngere \u00e5rr\u00e6kke eller pension, indg\u00e5r nyt \u00e6gteskab, vil de tildelte legater eller pensioner falde bort.<\/p>\n\t\t<\/div>\n\t<\/div>\n<\/div><\/div><\/div><\/div><\/div><div id=\"pg-1387-3\"  class=\"panel-grid panel-no-style\" ><div id=\"pgc-1387-3-0\"  class=\"panel-grid-cell\" ><div id=\"panel-1387-3-0-0\" class=\"so-panel widget widget_mtt-text-wall panel-first-child panel-last-child\" data-index=\"3\" ><div\n\t\t\t\n\t\t\tclass=\"so-widget-mtt-text-wall so-widget-mtt-text-wall-base\"\n\t\t\t\n\t\t><div class=\"text-wall\">\n\t<div class=\"text-wall__inner\">\n\t\t<div class=\"text-wall__section text-wall__section--title\">\n\t\t\t\t\t\t\t\t<h2>Adgang til legater for personer, der har boet p\u00e5 det tidligere grevskab Frijsenborg<\/h2>\n\t\t\t\t\t\t<\/div>\n\t\t<div class=\"text-wall__section\">\n\t\t\t<p class=\"p1\">Adgang til at komme i betragtning ved uddeling af Fondens legater under \u00a7 3, punkt 2 er knyttet til f\u00f8lgende betingelser:<\/p>\n<p class=\"p1\">\u00a76.1. Enten at vedkommende i de sidste 10 \u00e5r forinden uddelingen har haft fast bop\u00e6l eller uafbrudt ophold p\u00e5 de ejendomme, som har h\u00f8rt under det tidligere grevskab Frijsenborg,<\/p>\n<p class=\"p1\">\u00a76.2. eller at de p\u00e5g\u00e6ldende er f\u00f8dt p\u00e5 ejendomme, som har h\u00f8rt under det tidligere grevskab Frijsenborg og har opholdt sig der indtil det fyldte 18. \u00e5r, uden hensyn til om de senere m\u00e5tte have taget bop\u00e6l eller ophold andet steds.<\/p>\n<p class=\"p1\">Kvinder har, n\u00e5r de i \u00f8vrigt fyldestg\u00f8r de foreskrevne betingelser, fortrinsvis adgang til Fondens legater under punkt 3.2.<\/p>\n\t\t<\/div>\n\t\t<div class=\"text-wall__section\">\n\t\t\t<p class=\"p1\">Legaterne ydes regelm\u00e6ssigt kun for \u00e9t \u00e5r af gangen, men der er intet til hinder for, at samme person, n\u00e5r omst\u00e6ndighederne taler herfor, flere gange eller endog for livstid kan opn\u00e5 pension fra Fonden.<\/p>\n<p class=\"p1\">Legaterne ydes ikke blot til s\u00e5danne, som helt eller delvis er ude af stand til at fors\u00f8rge sig selv, f.eks. p\u00e5 grund af alder eller svagelighed, men kunne ogs\u00e5, n\u00e5r betingelserne i \u00f8vrigt er til stede, efter bestyrelsens sk\u00f8n tildeles fuldt arbejdsdygtige personer til fremme af deres velf\u00e6rd, f.eks. til grundl\u00e6ggelse eller udvidelse af n\u00e6ringsvej, indg\u00e5else af \u00e6gteskab og lignende form\u00e5l.<\/p>\n\t\t<\/div>\n\t<\/div>\n<\/div><\/div><\/div><\/div><\/div><div id=\"pg-1387-4\"  class=\"panel-grid panel-no-style\" ><div id=\"pgc-1387-4-0\"  class=\"panel-grid-cell\" ><div id=\"panel-1387-4-0-0\" class=\"so-panel widget widget_mtt-shortcode-text panel-first-child panel-last-child\" data-index=\"4\" ><div\n\t\t\t\n\t\t\tclass=\"so-widget-mtt-shortcode-text so-widget-mtt-shortcode-text-base\"\n\t\t\t\n\t\t><div class=\"shortcode-text\">\n\n\t<div class=\"shortcode-text__inner\">\n\n\t\t\t\t\t<div class=\"shortcode-text__text\">\n\t\t\t\t\t\t\t\t\t\t<h2>Bestyrelsen uddeler legaterne<\/h2>\n\t\t\t\t\t\t\t\t\t<p class=\"p2\">Bestyrelsen beslutter hvor mange legatportioner, der skal uddeles, ligesom legatportionernes st\u00f8rrelse bestemmes af bestyrelsen. Bestyrelsen er dog forpligtet til, s\u00e5 vidt det er muligt under hensyntagen til antallet af kvalificerede legatans\u00f8gninger, at fordele den samlede \u00e5rlige uddeling p\u00e5 f\u00f8lgende vis:<\/p>\n<p>1. 2 % af den samlede \u00e5rlige uddeling skal g\u00e5 til ans\u00f8gninger i henhold til fundatsens \u00a7 3, punkt 3,<\/p>\n<p>2. 81 % af den samlede \u00e5rlige uddeling skal g\u00e5 til ans\u00f8gninger i henhold til fundatsens \u00a7 5, og<\/p>\n<p>3. 17 % af den samlede \u00e5rlige uddeling skal g\u00e5 til ans\u00f8gninger i henhold til fundatsens \u00a7 6.<\/p>\n<p class=\"p2\">Fristen for Fondens modtagelse af ans\u00f8gninger er den 1. maj i det \u00e5r hvor der s\u00f8ges.<\/p>\n<p class=\"p2\">Samtlige ans\u00f8gere om legater modtager svar p\u00e5 deres ans\u00f8gning senest den 30. august i det \u00e5r, hvor ans\u00f8gningen er modtaget af Fonden. Ans\u00f8gere som tildeles legat vil modtage legatet senest den 1. december i samme \u00e5r.<\/p>\n\t\t\t\t\t\t\t\t\t<a href=\"https:\/\/wefri.dk\/wp-content\/uploads\/2023\/06\/Ansogningsskema_KWS-CA_2023-2.pdf\" class=\"button button--green-solid button--margin-right\" target=\"_blank\">Ans\u00f8gsskema<\/a>\n\t\t\t\t\t\t\t\t\t\t\t\t\t<a href=\"https:\/\/wefri.dk\/wp-content\/uploads\/2018\/09\/samtykke-erkl\u00e6ring.pdf\" class=\"button button--green\" target=\"_blank\">Samtykke<\/a>\n\t\t\t\t\t\t\t<\/div>\n\t\t\n\t\t<div class=\"shortcode-text__code\">\n\n\t\t\t\t\t\t\t\t<h2>Ans\u00f8g legat<\/h2>\n\t\t\t\t\t\t\t\n<div class=\"wpcf7 no-js\" id=\"wpcf7-f1105-o1\" lang=\"da-DK\" dir=\"ltr\" data-wpcf7-id=\"1105\">\n<div class=\"screen-reader-response\"><p role=\"status\" aria-live=\"polite\" aria-atomic=\"true\"><\/p> <ul><\/ul><\/div>\n<form action=\"\/en\/wp-json\/wp\/v2\/pages\/1387#wpcf7-f1105-o1\" method=\"post\" class=\"wpcf7-form init\" aria-label=\"Kontaktformular\" enctype=\"multipart\/form-data\" novalidate=\"novalidate\" data-status=\"init\">\n<div style=\"display: none;\">\n<input type=\"hidden\" name=\"_wpcf7\" value=\"1105\" \/>\n<input type=\"hidden\" name=\"_wpcf7_version\" value=\"6.0.6\" \/>\n<input type=\"hidden\" name=\"_wpcf7_locale\" value=\"da_DK\" \/>\n<input type=\"hidden\" name=\"_wpcf7_unit_tag\" value=\"wpcf7-f1105-o1\" \/>\n<input type=\"hidden\" name=\"_wpcf7_container_post\" value=\"0\" \/>\n<input type=\"hidden\" name=\"_wpcf7_posted_data_hash\" value=\"\" \/>\n<input type=\"hidden\" name=\"_wpcf7_recaptcha_response\" value=\"\" \/>\n<\/div>\n<p><label> Navn:<br \/>\n<span class=\"wpcf7-form-control-wrap\" data-name=\"your-name\"><input size=\"40\" maxlength=\"400\" class=\"wpcf7-form-control wpcf7-text wpcf7-validates-as-required\" aria-required=\"true\" aria-invalid=\"false\" value=\"\" type=\"text\" name=\"your-name\" \/><\/span> <\/label>\n<\/p>\n<p><label> E-mail:<br \/>\n<span class=\"wpcf7-form-control-wrap\" data-name=\"your-email\"><input size=\"40\" maxlength=\"400\" class=\"wpcf7-form-control wpcf7-email wpcf7-validates-as-required wpcf7-text wpcf7-validates-as-email\" aria-required=\"true\" aria-invalid=\"false\" value=\"\" type=\"email\" name=\"your-email\" \/><\/span> <\/label>\n<\/p>\n<p><label> Telefon:<br \/>\n<span class=\"wpcf7-form-control-wrap\" data-name=\"your-phone\"><input size=\"40\" maxlength=\"400\" class=\"wpcf7-form-control wpcf7-tel wpcf7-validates-as-required wpcf7-text wpcf7-validates-as-tel\" aria-required=\"true\" aria-invalid=\"false\" value=\"\" type=\"tel\" name=\"your-phone\" \/><\/span> <\/label>\n<\/p>\n<p><label> Ans\u00f8gningsskema (PDF):<br \/>\n<span class=\"wpcf7-form-control-wrap\" data-name=\"file-332\"><input size=\"40\" class=\"wpcf7-form-control wpcf7-file wpcf7-validates-as-required\" accept=\".pdf\" aria-required=\"true\" aria-invalid=\"false\" type=\"file\" name=\"file-332\" \/><\/span> <\/label>\n<\/p>\n<p><label> Samtykke (PDF):<br \/>\n<span class=\"wpcf7-form-control-wrap\" data-name=\"consent\"><input size=\"40\" class=\"wpcf7-form-control wpcf7-file wpcf7-validates-as-required\" accept=\".pdf\" aria-required=\"true\" aria-invalid=\"false\" type=\"file\" name=\"consent\" \/><\/span> <\/label>\n<\/p>\n<p><button id='submit' class='wpcf7-form-control wpcf7-submit button button--green-solid'>Ans\u00f8g<\/button>\n<\/p><div class=\"wpcf7-response-output\" aria-hidden=\"true\"><\/div>\n<\/form>\n<\/div>\n\t\t<\/div>\n\n\t<\/div>\n\t\t\n<\/div><\/div><\/div><\/div><\/div><\/div>","protected":false},"excerpt":{"rendered":"<p>Fonde og legater Frijsenborg og Wedellsborg er stiftere af to fonde og legater. I dag fungerer de to som et samlet hele, og g\u00e5r under navnet Lensgreve Karls Wedells og Comtesse Agnes&#8217; Stiftelse. Form\u00e5let med vores fonde og legater \u00a73.1. At underst\u00f8tte tr\u00e6ngende enker eller medlemmer af den Wedell-Wedellsborgske sl\u00e6gt eller v\u00e6rdigt \u00e6gtef\u00f8dt afkom af [&hellip;]<\/p>\n","protected":false},"author":1,"featured_media":0,"parent":0,"menu_order":0,"comment_status":"closed","ping_status":"closed","template":"","meta":{"_acf_changed":false,"inline_featured_image":false,"footnotes":""},"class_list":["post-1387","page","type-page","status-publish","hentry"],"acf":[],"yoast_head":"<!-- This site is optimized with the Yoast SEO plugin v25.0 - https:\/\/yoast.com\/wordpress\/plugins\/seo\/ -->\n<title>Fund &amp; Scholarships - Wedellsborg<\/title>\n<meta name=\"robots\" content=\"index, follow, max-snippet:-1, max-image-preview:large, max-video-preview:-1\" \/>\n<link rel=\"canonical\" href=\"https:\/\/wefri.dk\/en\/fund\/\" \/>\n<meta property=\"og:locale\" content=\"en_US\" \/>\n<meta property=\"og:type\" content=\"article\" \/>\n<meta property=\"og:title\" content=\"Fund &amp; Scholarships - Wedellsborg\" \/>\n<meta property=\"og:description\" content=\"Fonde og legater Frijsenborg og Wedellsborg er stiftere af to fonde og legater. I dag fungerer de to som et samlet hele, og g\u00e5r under navnet Lensgreve Karls Wedells og Comtesse Agnes&#039; Stiftelse. Form\u00e5let med vores fonde og legater \u00a73.1. At underst\u00f8tte tr\u00e6ngende enker eller medlemmer af den Wedell-Wedellsborgske sl\u00e6gt eller v\u00e6rdigt \u00e6gtef\u00f8dt afkom af [&hellip;]\" \/>\n<meta property=\"og:url\" content=\"https:\/\/wefri.dk\/en\/fund\/\" \/>\n<meta property=\"og:site_name\" content=\"Wedellsborg\" \/>\n<meta property=\"article:modified_time\" content=\"2023-06-22T06:27:37+00:00\" \/>\n<meta name=\"twitter:card\" content=\"summary_large_image\" \/>\n<script type=\"application\/ld+json\" class=\"yoast-schema-graph\">{\"@context\":\"https:\/\/schema.org\",\"@graph\":[{\"@type\":\"WebPage\",\"@id\":\"https:\/\/wefri.dk\/en\/fund\/\",\"url\":\"https:\/\/wefri.dk\/en\/fund\/\",\"name\":\"Fund & Scholarships - Wedellsborg\",\"isPartOf\":{\"@id\":\"https:\/\/wefri.dk\/#website\"},\"datePublished\":\"2017-08-16T09:39:13+00:00\",\"dateModified\":\"2023-06-22T06:27:37+00:00\",\"breadcrumb\":{\"@id\":\"https:\/\/wefri.dk\/en\/fund\/#breadcrumb\"},\"inLanguage\":\"en-US\",\"potentialAction\":[{\"@type\":\"ReadAction\",\"target\":[\"https:\/\/wefri.dk\/en\/fund\/\"]}]},{\"@type\":\"BreadcrumbList\",\"@id\":\"https:\/\/wefri.dk\/en\/fund\/#breadcrumb\",\"itemListElement\":[{\"@type\":\"ListItem\",\"position\":1,\"name\":\"Home\",\"item\":\"https:\/\/wefri.dk\/en\/\"},{\"@type\":\"ListItem\",\"position\":2,\"name\":\"Fund &#038; Scholarships\"}]},{\"@type\":\"WebSite\",\"@id\":\"https:\/\/wefri.dk\/#website\",\"url\":\"https:\/\/wefri.dk\/\",\"name\":\"Wedellsborg\",\"description\":\"Endnu en WordPress-blog\",\"potentialAction\":[{\"@type\":\"SearchAction\",\"target\":{\"@type\":\"EntryPoint\",\"urlTemplate\":\"https:\/\/wefri.dk\/?s={search_term_string}\"},\"query-input\":{\"@type\":\"PropertyValueSpecification\",\"valueRequired\":true,\"valueName\":\"search_term_string\"}}],\"inLanguage\":\"en-US\"}]}<\/script>\n<!-- \/ Yoast SEO plugin. -->","yoast_head_json":{"title":"Fund & Scholarships - Wedellsborg","robots":{"index":"index","follow":"follow","max-snippet":"max-snippet:-1","max-image-preview":"max-image-preview:large","max-video-preview":"max-video-preview:-1"},"canonical":"https:\/\/wefri.dk\/en\/fund\/","og_locale":"en_US","og_type":"article","og_title":"Fund & Scholarships - Wedellsborg","og_description":"Fonde og legater Frijsenborg og Wedellsborg er stiftere af to fonde og legater. I dag fungerer de to som et samlet hele, og g\u00e5r under navnet Lensgreve Karls Wedells og Comtesse Agnes' Stiftelse. Form\u00e5let med vores fonde og legater \u00a73.1. At underst\u00f8tte tr\u00e6ngende enker eller medlemmer af den Wedell-Wedellsborgske sl\u00e6gt eller v\u00e6rdigt \u00e6gtef\u00f8dt afkom af [&hellip;]","og_url":"https:\/\/wefri.dk\/en\/fund\/","og_site_name":"Wedellsborg","article_modified_time":"2023-06-22T06:27:37+00:00","twitter_card":"summary_large_image","schema":{"@context":"https:\/\/schema.org","@graph":[{"@type":"WebPage","@id":"https:\/\/wefri.dk\/en\/fund\/","url":"https:\/\/wefri.dk\/en\/fund\/","name":"Fund & Scholarships - Wedellsborg","isPartOf":{"@id":"https:\/\/wefri.dk\/#website"},"datePublished":"2017-08-16T09:39:13+00:00","dateModified":"2023-06-22T06:27:37+00:00","breadcrumb":{"@id":"https:\/\/wefri.dk\/en\/fund\/#breadcrumb"},"inLanguage":"en-US","potentialAction":[{"@type":"ReadAction","target":["https:\/\/wefri.dk\/en\/fund\/"]}]},{"@type":"BreadcrumbList","@id":"https:\/\/wefri.dk\/en\/fund\/#breadcrumb","itemListElement":[{"@type":"ListItem","position":1,"name":"Home","item":"https:\/\/wefri.dk\/en\/"},{"@type":"ListItem","position":2,"name":"Fund &#038; Scholarships"}]},{"@type":"WebSite","@id":"https:\/\/wefri.dk\/#website","url":"https:\/\/wefri.dk\/","name":"Wedellsborg","description":"Endnu en WordPress-blog","potentialAction":[{"@type":"SearchAction","target":{"@type":"EntryPoint","urlTemplate":"https:\/\/wefri.dk\/?s={search_term_string}"},"query-input":{"@type":"PropertyValueSpecification","valueRequired":true,"valueName":"search_term_string"}}],"inLanguage":"en-US"}]}},"_links":{"self":[{"href":"https:\/\/wefri.dk\/en\/wp-json\/wp\/v2\/pages\/1387","targetHints":{"allow":["GET"]}}],"collection":[{"href":"https:\/\/wefri.dk\/en\/wp-json\/wp\/v2\/pages"}],"about":[{"href":"https:\/\/wefri.dk\/en\/wp-json\/wp\/v2\/types\/page"}],"author":[{"embeddable":true,"href":"https:\/\/wefri.dk\/en\/wp-json\/wp\/v2\/users\/1"}],"replies":[{"embeddable":true,"href":"https:\/\/wefri.dk\/en\/wp-json\/wp\/v2\/comments?post=1387"}],"version-history":[{"count":47,"href":"https:\/\/wefri.dk\/en\/wp-json\/wp\/v2\/pages\/1387\/revisions"}],"predecessor-version":[{"id":5475,"href":"https:\/\/wefri.dk\/en\/wp-json\/wp\/v2\/pages\/1387\/revisions\/5475"}],"wp:attachment":[{"href":"https:\/\/wefri.dk\/en\/wp-json\/wp\/v2\/media?parent=1387"}],"curies":[{"name":"wp","href":"https:\/\/api.w.org\/{rel}","templated":true}]}}