{"id":1491,"date":"2017-08-18T15:11:18","date_gmt":"2017-08-18T13:11:18","guid":{"rendered":"https:\/\/wefri.dk\/om-wedellsborg\/"},"modified":"2023-08-29T11:25:55","modified_gmt":"2023-08-29T09:25:55","slug":"about-wedellsborg","status":"publish","type":"page","link":"https:\/\/wefri.dk\/en\/about-wedellsborg\/","title":{"rendered":"About Wedellsborg"},"content":{"rendered":"<div id=\"pl-1491\"  class=\"panel-layout\" ><div id=\"pg-1491-0\"  class=\"panel-grid panel-no-style\" ><div id=\"pgc-1491-0-0\"  class=\"panel-grid-cell\" ><div id=\"panel-1491-0-0-0\" class=\"so-panel widget widget_mtt-counter-banner panel-first-child panel-last-child\" data-index=\"0\" ><div\n\t\t\t\n\t\t\tclass=\"so-widget-mtt-counter-banner so-widget-mtt-counter-banner-base\"\n\t\t\t\n\t\t><div class=\"counter-banner\">\n\t<div class=\"counter-banner__background object-fit\">\n\t\t\t\t<img decoding=\"async\" src=\"https:\/\/wefri.dk\/wp-content\/uploads\/2018\/06\/wbslot2.jpg\" alt=\"\">\n\t<\/div>\n\t<div class=\"counter-banner__overlay\"><\/div>\n\t<div class=\"counter-banner__inner counter-is-empty\">\n\t\t<div class=\"counter-banner__content dark-bg\">\n\t\t\t\t\t\t\t\t<h1>Om Wedellsborg<\/h1>\n\t\t\t\t<p>Grevskabet Wedellsborg blev oprettet 1672 \u2013 men de \u00e6ldste murv\u00e6rker p\u00e5 godset stammer fra ca. \u00e5r 1500.<\/p>\n<p>Velkommen til Wedellsborg!<\/p>\n\t\t<\/div>\n\t\t\t<\/div>\n<\/div>\n<\/div><\/div><\/div><\/div><div id=\"pg-1491-1\"  class=\"panel-grid panel-no-style\" ><div id=\"pgc-1491-1-0\"  class=\"panel-grid-cell\" ><div id=\"panel-1491-1-0-0\" class=\"so-panel widget widget_mtt-media-banner panel-first-child panel-last-child\" data-index=\"1\" ><div\n\t\t\t\n\t\t\tclass=\"so-widget-mtt-media-banner so-widget-mtt-media-banner-base\"\n\t\t\t\n\t\t><div class=\"media-banner\">\n\t<div class=\"media-banner__inner\">\n\t\t<div class=\"media-banner__item\">\n\t\t\t<div class=\"item-inner\">\n\t\t\t\t\t\t\t\t\t\t<h2>Om Wedellsborg<\/h2>\n\t\t\t\t\t\t\t\t<\/div>\n\t\t<\/div>\n\t\t<div class=\"media-banner__item\">\n\t\t\t<div class=\"item-inner\">\n\t\t\t\t<p><strong><a href=\"https:\/\/www.google.dk\/maps\/place\/Wedellsborg+Land-+og+Skovbrug\/@55.367585,9.8112188,15z\/data=!4m5!3m4!1s0x464cbf326b2c24ab:0x9d131aae4f7cfef6!8m2!3d55.367582!4d9.819979\">Wedellsborg gods<\/a><\/strong> ligger i Ejby p\u00e5 Fyns vestside.<\/p>\n<p>Godset stammer helt tilbage til \u00e5r 1500, hvor det dengang gik under navnet Iversn\u00e6s.<\/p>\n<p>Wedellsborg-navnet kom f\u00f8rst til, da Wilhelm Friedrich von Wedel overtog godset i 1672 og oprettede grevskabet, som stadig st\u00e5r i dag.<\/p>\n<p>Den nuv\u00e6rende lensgreve, Bendt Wedell, overtog godserne i 1982 i en alder af bare syv \u00e5r.\u00a0<\/p>\n\t\t\t<\/div>\n\t\t<\/div>\n\t\t\t\t\t<div class=\"media-banner__item media-banner__item--video\">\n\t\t\t\t<div class=\"media-banner__video\">\n\t\t\t\t\t<div class=\"media-banner__video-inner object-fit\">\n\t\t\t\t\t\t<img decoding=\"async\" src=\"https:\/\/wefri.dk\/wp-content\/uploads\/2018\/07\/va\u030abenskjold.jpg\" alt=\"media-image\">\n\t\t\t\t\t<\/div>\n\t\t\t\t<\/div>\n\t\t\t<\/div>\n\t\t\t<\/div>\n<\/div>\n<\/div><\/div><\/div><\/div><div id=\"pg-1491-2\"  class=\"panel-grid panel-no-style\" ><div id=\"pgc-1491-2-0\"  class=\"panel-grid-cell\" ><div id=\"panel-1491-2-0-0\" class=\"so-panel widget widget_mtt-counter-banner panel-first-child panel-last-child\" data-index=\"2\" ><div\n\t\t\t\n\t\t\tclass=\"so-widget-mtt-counter-banner so-widget-mtt-counter-banner-base\"\n\t\t\t\n\t\t><div class=\"counter-banner\">\n\t<div class=\"counter-banner__background object-fit\">\n\t\t\t\t<img decoding=\"async\" src=\"https:\/\/wefri.dk\/wp-content\/uploads\/2018\/06\/Wedellsborg-Prinsen-af-Wales.jpg\" alt=\"\">\n\t<\/div>\n\t<div class=\"counter-banner__overlay\"><\/div>\n\t<div class=\"counter-banner__inner\">\n\t\t<div class=\"counter-banner__content counter-banner__content--center dark-bg\">\n\t\t\t\t\t\t\t\t<h2>Wedellsborg i korte tr\u00e6k<\/h2>\n\t\t\t\t<p>Frijsenborg og Wedellsborg udg\u00f8r til sammen en moderne land- og skovbrugsvirksomhed, som breder sig ud over 8797 ha.<\/p>\n<p>P\u00e5 Wedellsborg er landbrugsarealet n\u00e6sten dobbelt s\u00e5 stort som p\u00e5 Frijsenborg, mens der omvendt er mest skov p\u00e5 Frijsenborg \u2013 som ogs\u00e5 inkluderer virksomhedens egen planteskole.<\/p>\n<p>Wedellsborg er en af landets \u00e6ldste sl\u00e6gtsbesiddelser, nedarvet siden det 17. \u00e5rhundredes begyndelse.<\/p>\n<p>&nbsp;<\/p>\n\t\t\t\t<a href=\"https:\/\/wefri.dk\/om-frijsenborg\/\" class=\"button button--green-solid button--margin-right\">L\u00e6s om Frijsenborg<\/a>\n\t\t\t\t\t<\/div>\n\t\t\t\t\t\t<div class=\"counter-banner__counter element-tracker\">\n\t\t\t\t\t<ul>\n\t\t\t\t\t\t\t\t\t\t\t\t\t<li>\n\t\t\t\t\t\t\t\t\t\t\t\t\t\t\t\t\t<span class=\"the-value\">\n\t\t\t\t\t\t\t\t\t\t<span class=\"the-number\">1672<\/span>\n\t\t\t\t\t\t\t\t\t\t\t\t\t\t\t\t\t\t\t<\/span>\n                                                                    \t\t\t\t\t\t\t\t\t<span>\u00c5R<\/span>\n\t\t\t\t\t\t\t\t\t\t\t\t\t\t\t\t\t<span>Grevskabet oprettes<\/span>\n\t\t\t\t\t\t\t\t\t\t\t\t\t\t\t<\/li>\n\t\t\t\t\t\t\t\t\t\t\t\t\t<li>\n\t\t\t\t\t\t\t\t\t\t\t\t\t\t\t\t\t<span class=\"the-value\">\n\t\t\t\t\t\t\t\t\t\t<span class=\"the-number\">1958<\/span>\n\t\t\t\t\t\t\t\t\t\t- <span class=\"the-number\">59<\/span>\t\t\t\t\t\t\t\t\t<\/span>\n                                                                    \t\t\t\t\t\t\t\t\t<span>\u00c5R<\/span>\n\t\t\t\t\t\t\t\t\t\t\t\t\t\t\t\t\t<span>Samdrift for f\u00f8rste gang<\/span>\n\t\t\t\t\t\t\t\t\t\t\t\t\t\t\t<\/li>\n\t\t\t\t\t\t\t\t\t\t\t<\/ul>\n\t\t\t\t<\/div>\n\t\t\t<\/div>\n<\/div>\n<\/div><\/div><\/div><\/div><div id=\"pg-1491-3\"  class=\"panel-grid panel-no-style\" ><div id=\"pgc-1491-3-0\"  class=\"panel-grid-cell\" ><div id=\"panel-1491-3-0-0\" class=\"so-panel widget widget_mtt-text-wall panel-first-child panel-last-child\" data-index=\"3\" ><div\n\t\t\t\n\t\t\tclass=\"so-widget-mtt-text-wall so-widget-mtt-text-wall-base\"\n\t\t\t\n\t\t><div class=\"text-wall\">\n\t<div class=\"text-wall__inner\">\n\t\t<div class=\"text-wall__section text-wall__section--title\">\n\t\t\t\t\t\t\t\t<h2>Wedellsborgs v\u00e6rdier<\/h2>\n\t\t\t\t\t\t<\/div>\n\t\t<div class=\"text-wall__section\">\n\t\t\t<p>Vores to godser besk\u00e6ftiger hver dag 63 medarbejdere, som er fordelt p\u00e5 vores mange forskellige afdelinger inden for\u00a0<strong><a href=\"https:\/\/wefri.dk\/udforsk\/landbrug\/\">land-<\/a>\u00a0<\/strong>og\u00a0<strong><a href=\"https:\/\/wefri.dk\/udforsk\/skovbrug-og-godsbraende\/\">skovbrug<\/a><\/strong>,\u00a0<strong><a href=\"https:\/\/wefri.dk\/udforsk\/jagt-vaesen\/\">jagtv\u00e6senet<\/a><\/strong>, bygningsvedligeholdelse,\u00a0<a href=\"https:\/\/wefri.dk\/socialt-ansvar\/\"><strong>biogasvaretagelse<\/strong><\/a>, administration og vores\u00a0<a href=\"https:\/\/wefri.dk\/udforsk\/planteskole\/\"><strong>planteskole<\/strong><\/a>.<\/p>\n<p>P\u00e5 Wedellsborg fylder is\u00e6r landbruget i vores daglige arbejdsliv.<\/p>\n<p>Og vi g\u00e5r h\u00f8jt op i at f\u00f8re virksomhed p\u00e5 en socialt ansvarlig m\u00e5de \u2013 og p\u00e5 en m\u00e5de, der g\u00f8r, at vores medarbejdere m\u00f8der op med et smil p\u00e5 l\u00e6ben hver morgen.<\/p>\n\t\t<\/div>\n\t\t<div class=\"text-wall__section\">\n\t\t\t<p>Det g\u00f8r vi bl.a. ved at have fokus p\u00e5 h\u00f8j kvalitet, dyrevelf\u00e6rd og en god arbejdskultur med loyale og arbejdsomme kolleger.<\/p>\n<p>Frijsenborg og Wedellsborg er to historiske huse, som udg\u00f8r en del af den danske kulturarv.<\/p>\n<p>&nbsp;<\/p>\n\t\t<\/div>\n\t<\/div>\n<\/div><\/div><\/div><\/div><\/div><div id=\"pg-1491-4\"  class=\"panel-grid panel-no-style\" ><div id=\"pgc-1491-4-0\"  class=\"panel-grid-cell\" ><div id=\"panel-1491-4-0-0\" class=\"so-panel widget panel-first-child panel-last-child\" data-index=\"4\" ><\/div><\/div><\/div><\/div>","protected":false},"excerpt":{"rendered":"<p>Om Wedellsborg Grevskabet Wedellsborg blev oprettet 1672 \u2013 men de \u00e6ldste murv\u00e6rker p\u00e5 godset stammer fra ca. \u00e5r 1500. Velkommen til Wedellsborg! Om Wedellsborg Wedellsborg gods ligger i Ejby p\u00e5 Fyns vestside. Godset stammer helt tilbage til \u00e5r 1500, hvor det dengang gik under navnet Iversn\u00e6s. Wedellsborg-navnet kom f\u00f8rst til, da Wilhelm Friedrich von Wedel [&hellip;]<\/p>\n","protected":false},"author":1,"featured_media":0,"parent":0,"menu_order":0,"comment_status":"closed","ping_status":"closed","template":"","meta":{"_acf_changed":false,"inline_featured_image":false,"footnotes":""},"class_list":["post-1491","page","type-page","status-publish","hentry"],"acf":[],"yoast_head":"<!-- This site is optimized with the Yoast SEO plugin v27.3 - https:\/\/yoast.com\/product\/yoast-seo-wordpress\/ -->\n<title>About Wedellsborg - Wedellsborg<\/title>\n<meta name=\"robots\" content=\"index, follow, max-snippet:-1, max-image-preview:large, max-video-preview:-1\" \/>\n<link rel=\"canonical\" href=\"https:\/\/wefri.dk\/en\/about-wedellsborg\/\" \/>\n<meta property=\"og:locale\" content=\"en_US\" \/>\n<meta property=\"og:type\" content=\"article\" \/>\n<meta property=\"og:title\" content=\"About Wedellsborg - Wedellsborg\" \/>\n<meta property=\"og:description\" content=\"Om Wedellsborg Grevskabet Wedellsborg blev oprettet 1672 \u2013 men de \u00e6ldste murv\u00e6rker p\u00e5 godset stammer fra ca. \u00e5r 1500. Velkommen til Wedellsborg! Om Wedellsborg Wedellsborg gods ligger i Ejby p\u00e5 Fyns vestside. Godset stammer helt tilbage til \u00e5r 1500, hvor det dengang gik under navnet Iversn\u00e6s. Wedellsborg-navnet kom f\u00f8rst til, da Wilhelm Friedrich von Wedel [&hellip;]\" \/>\n<meta property=\"og:url\" content=\"https:\/\/wefri.dk\/en\/about-wedellsborg\/\" \/>\n<meta property=\"og:site_name\" content=\"Wedellsborg\" \/>\n<meta property=\"article:modified_time\" content=\"2023-08-29T09:25:55+00:00\" \/>\n<meta name=\"twitter:card\" content=\"summary_large_image\" \/>\n<script type=\"application\/ld+json\" class=\"yoast-schema-graph\">{\"@context\":\"https:\\\/\\\/schema.org\",\"@graph\":[{\"@type\":\"WebPage\",\"@id\":\"https:\\\/\\\/wefri.dk\\\/en\\\/about-wedellsborg\\\/\",\"url\":\"https:\\\/\\\/wefri.dk\\\/en\\\/about-wedellsborg\\\/\",\"name\":\"About Wedellsborg - Wedellsborg\",\"isPartOf\":{\"@id\":\"https:\\\/\\\/wefri.dk\\\/#website\"},\"datePublished\":\"2017-08-18T13:11:18+00:00\",\"dateModified\":\"2023-08-29T09:25:55+00:00\",\"breadcrumb\":{\"@id\":\"https:\\\/\\\/wefri.dk\\\/en\\\/about-wedellsborg\\\/#breadcrumb\"},\"inLanguage\":\"en-US\",\"potentialAction\":[{\"@type\":\"ReadAction\",\"target\":[\"https:\\\/\\\/wefri.dk\\\/en\\\/about-wedellsborg\\\/\"]}]},{\"@type\":\"BreadcrumbList\",\"@id\":\"https:\\\/\\\/wefri.dk\\\/en\\\/about-wedellsborg\\\/#breadcrumb\",\"itemListElement\":[{\"@type\":\"ListItem\",\"position\":1,\"name\":\"Home\",\"item\":\"https:\\\/\\\/wefri.dk\\\/en\\\/\"},{\"@type\":\"ListItem\",\"position\":2,\"name\":\"About Wedellsborg\"}]},{\"@type\":\"WebSite\",\"@id\":\"https:\\\/\\\/wefri.dk\\\/#website\",\"url\":\"https:\\\/\\\/wefri.dk\\\/\",\"name\":\"Wedellsborg\",\"description\":\"Endnu en WordPress-blog\",\"potentialAction\":[{\"@type\":\"SearchAction\",\"target\":{\"@type\":\"EntryPoint\",\"urlTemplate\":\"https:\\\/\\\/wefri.dk\\\/?s={search_term_string}\"},\"query-input\":{\"@type\":\"PropertyValueSpecification\",\"valueRequired\":true,\"valueName\":\"search_term_string\"}}],\"inLanguage\":\"en-US\"}]}<\/script>\n<!-- \/ Yoast SEO plugin. -->","yoast_head_json":{"title":"About Wedellsborg - Wedellsborg","robots":{"index":"index","follow":"follow","max-snippet":"max-snippet:-1","max-image-preview":"max-image-preview:large","max-video-preview":"max-video-preview:-1"},"canonical":"https:\/\/wefri.dk\/en\/about-wedellsborg\/","og_locale":"en_US","og_type":"article","og_title":"About Wedellsborg - Wedellsborg","og_description":"Om Wedellsborg Grevskabet Wedellsborg blev oprettet 1672 \u2013 men de \u00e6ldste murv\u00e6rker p\u00e5 godset stammer fra ca. \u00e5r 1500. Velkommen til Wedellsborg! Om Wedellsborg Wedellsborg gods ligger i Ejby p\u00e5 Fyns vestside. Godset stammer helt tilbage til \u00e5r 1500, hvor det dengang gik under navnet Iversn\u00e6s. Wedellsborg-navnet kom f\u00f8rst til, da Wilhelm Friedrich von Wedel [&hellip;]","og_url":"https:\/\/wefri.dk\/en\/about-wedellsborg\/","og_site_name":"Wedellsborg","article_modified_time":"2023-08-29T09:25:55+00:00","twitter_card":"summary_large_image","schema":{"@context":"https:\/\/schema.org","@graph":[{"@type":"WebPage","@id":"https:\/\/wefri.dk\/en\/about-wedellsborg\/","url":"https:\/\/wefri.dk\/en\/about-wedellsborg\/","name":"About Wedellsborg - Wedellsborg","isPartOf":{"@id":"https:\/\/wefri.dk\/#website"},"datePublished":"2017-08-18T13:11:18+00:00","dateModified":"2023-08-29T09:25:55+00:00","breadcrumb":{"@id":"https:\/\/wefri.dk\/en\/about-wedellsborg\/#breadcrumb"},"inLanguage":"en-US","potentialAction":[{"@type":"ReadAction","target":["https:\/\/wefri.dk\/en\/about-wedellsborg\/"]}]},{"@type":"BreadcrumbList","@id":"https:\/\/wefri.dk\/en\/about-wedellsborg\/#breadcrumb","itemListElement":[{"@type":"ListItem","position":1,"name":"Home","item":"https:\/\/wefri.dk\/en\/"},{"@type":"ListItem","position":2,"name":"About Wedellsborg"}]},{"@type":"WebSite","@id":"https:\/\/wefri.dk\/#website","url":"https:\/\/wefri.dk\/","name":"Wedellsborg","description":"Endnu en WordPress-blog","potentialAction":[{"@type":"SearchAction","target":{"@type":"EntryPoint","urlTemplate":"https:\/\/wefri.dk\/?s={search_term_string}"},"query-input":{"@type":"PropertyValueSpecification","valueRequired":true,"valueName":"search_term_string"}}],"inLanguage":"en-US"}]}},"_links":{"self":[{"href":"https:\/\/wefri.dk\/en\/wp-json\/wp\/v2\/pages\/1491","targetHints":{"allow":["GET"]}}],"collection":[{"href":"https:\/\/wefri.dk\/en\/wp-json\/wp\/v2\/pages"}],"about":[{"href":"https:\/\/wefri.dk\/en\/wp-json\/wp\/v2\/types\/page"}],"author":[{"embeddable":true,"href":"https:\/\/wefri.dk\/en\/wp-json\/wp\/v2\/users\/1"}],"replies":[{"embeddable":true,"href":"https:\/\/wefri.dk\/en\/wp-json\/wp\/v2\/comments?post=1491"}],"version-history":[{"count":49,"href":"https:\/\/wefri.dk\/en\/wp-json\/wp\/v2\/pages\/1491\/revisions"}],"predecessor-version":[{"id":5547,"href":"https:\/\/wefri.dk\/en\/wp-json\/wp\/v2\/pages\/1491\/revisions\/5547"}],"wp:attachment":[{"href":"https:\/\/wefri.dk\/en\/wp-json\/wp\/v2\/media?parent=1491"}],"curies":[{"name":"wp","href":"https:\/\/api.w.org\/{rel}","templated":true}]}}