{"id":1503,"date":"2017-08-18T15:12:06","date_gmt":"2017-08-18T13:12:06","guid":{"rendered":"https:\/\/wefri.dk\/om-frijsenborg\/"},"modified":"2023-08-29T11:25:25","modified_gmt":"2023-08-29T09:25:25","slug":"about-frijsenborg","status":"publish","type":"page","link":"https:\/\/wefri.dk\/en\/about-frijsenborg\/","title":{"rendered":"About Frijsenborg"},"content":{"rendered":"<div id=\"pl-1503\"  class=\"panel-layout\" ><div id=\"pg-1503-0\"  class=\"panel-grid panel-no-style\" ><div id=\"pgc-1503-0-0\"  class=\"panel-grid-cell\" ><div id=\"panel-1503-0-0-0\" class=\"so-panel widget widget_mtt-counter-banner panel-first-child panel-last-child\" data-index=\"0\" ><div\n\t\t\t\n\t\t\tclass=\"so-widget-mtt-counter-banner so-widget-mtt-counter-banner-base\"\n\t\t\t\n\t\t><div class=\"counter-banner\">\n\t<div class=\"counter-banner__background object-fit\">\n\t\t\t\t<img decoding=\"async\" src=\"https:\/\/wefri.dk\/wp-content\/uploads\/2018\/06\/FRIJSENBORG-4.jpg\" alt=\"\">\n\t<\/div>\n\t<div class=\"counter-banner__overlay\"><\/div>\n\t<div class=\"counter-banner__inner counter-is-empty\">\n\t\t<div class=\"counter-banner__content dark-bg\">\n\t\t\t\t\t\t\t\t<h1>Om Frijsenborg<\/h1>\n\t\t\t\t<p>Frijsenborg Slot blev bygget i 1693, og har haft stor betydning for lokalomr\u00e5det op gennem tiden.<\/p>\n<p>L\u00e6s med her \u2013\u00a0og velkommen til Frijsenborg!<\/p>\n\t\t<\/div>\n\t\t\t<\/div>\n<\/div>\n<\/div><\/div><\/div><\/div><div id=\"pg-1503-1\"  class=\"panel-grid panel-no-style\" ><div id=\"pgc-1503-1-0\"  class=\"panel-grid-cell\" ><div id=\"panel-1503-1-0-0\" class=\"so-panel widget widget_mtt-media-banner panel-first-child panel-last-child\" data-index=\"1\" ><div\n\t\t\t\n\t\t\tclass=\"so-widget-mtt-media-banner so-widget-mtt-media-banner-base\"\n\t\t\t\n\t\t><div class=\"media-banner\">\n\t<div class=\"media-banner__inner\">\n\t\t<div class=\"media-banner__item\">\n\t\t\t<div class=\"item-inner\">\n\t\t\t\t\t\t\t\t\t\t<h3>Om Frijsenborg<\/h3>\n\t\t\t\t\t\t\t\t<\/div>\n\t\t<\/div>\n\t\t<div class=\"media-banner__item\">\n\t\t\t<div class=\"item-inner\">\n\t\t\t\t<p><a href=\"https:\/\/www.google.dk\/maps\/place\/Frijsenborg+%26+Wedellsborg\/@56.265845,9.921529,17z\/data=!3m1!4b1!4m5!3m4!1s0x464c0e11cc9364bf:0xfcd09f05f8267a8a!8m2!3d56.265842!4d9.923723\"><strong>Frijsenborg<\/strong><\/a> ligger i Hammel i det \u00f8stlige Jylland.<\/p>\n<p>Slottet blev bygget i 1693, hvor vores interesse for jagt og skov- og landbrug ogs\u00e5 danner r\u00f8dder tilbage til.<\/p>\n<p>Og fra midten af 1800-tallet og indtil begyndelsen af 1900-tallet var de danske herreg\u00e5rde landomr\u00e5dernes ubestridt st\u00f8rste arbejdspladser.<\/p>\n<p>De danske godser m\u00f8dte \u00f8konomisk fremgang, som bl.a. afspejlede sig i en heftig byggeaktivitet, hvor ny- og ombyggede herreg\u00e5rde str\u00e5lede frem i landskabet.<\/p>\n\t\t\t<\/div>\n\t\t<\/div>\n\t\t\t\t\t<div class=\"media-banner__item media-banner__item--video\">\n\t\t\t\t<div class=\"media-banner__video\">\n\t\t\t\t\t<div class=\"media-banner__video-inner object-fit\">\n\t\t\t\t\t\t<img decoding=\"async\" src=\"https:\/\/wefri.dk\/wp-content\/uploads\/2018\/07\/Krag-Juel-Vind-Frijs-va\u030abenskjold.jpg\" alt=\"media-image\">\n\t\t\t\t\t<\/div>\n\t\t\t\t<\/div>\n\t\t\t<\/div>\n\t\t\t<\/div>\n<\/div>\n<\/div><\/div><\/div><\/div><div id=\"pg-1503-2\"  class=\"panel-grid panel-no-style\" ><div id=\"pgc-1503-2-0\"  class=\"panel-grid-cell\" ><div id=\"panel-1503-2-0-0\" class=\"so-panel widget widget_mtt-counter-banner panel-first-child panel-last-child\" data-index=\"2\" ><div\n\t\t\t\n\t\t\tclass=\"so-widget-mtt-counter-banner so-widget-mtt-counter-banner-base\"\n\t\t\t\n\t\t><div class=\"counter-banner\">\n\t<div class=\"counter-banner__background object-fit\">\n\t\t\t\t<img decoding=\"async\" src=\"https:\/\/wefri.dk\/wp-content\/uploads\/2018\/06\/FrijsenborgKongevard.jpg\" alt=\"\">\n\t<\/div>\n\t<div class=\"counter-banner__overlay\"><\/div>\n\t<div class=\"counter-banner__inner\">\n\t\t<div class=\"counter-banner__content counter-banner__content--center dark-bg\">\n\t\t\t\t\t\t\t\t<h2>Frijsenborg i korte tr\u00e6k<\/h2>\n\t\t\t\t<p>I forbindelse med Grundlovens indf\u00f8relse i 1849 s\u00f8rgede dav\u00e6rende lensgreve Christian Emil Krag-Juel-Vind-Frijs for at modificere godsets mindset; han solgte f\u00e6stegodset og omlagde landbruget og moderniserede skovdriften.<\/p>\n<p>Dette er alt sammen noget, som har haft betydning for den udvikling, der ses p\u00e5 godset i dag.<\/p>\n<p>En anden sjov bem\u00e6rkning om datidens Frijsenborg er, at kendisser som H. C. Andersen, Grundtvig og Karen Blixen haft tilknytning til godset.<\/p>\n\t\t\t\t<a href=\"https:\/\/wefri.dk\/om-wedellsborg\/\" class=\"button button--green-solid button--margin-right\">L\u00e6s om Wedellsborg<\/a>\n\t\t\t\t\t<\/div>\n\t\t\t\t\t\t<div class=\"counter-banner__counter element-tracker\">\n\t\t\t\t\t<ul>\n\t\t\t\t\t\t\t\t\t\t\t\t\t<li>\n\t\t\t\t\t\t\t\t\t\t\t\t\t\t\t\t\t<span class=\"the-value\">\n\t\t\t\t\t\t\t\t\t\t<span class=\"the-number\">1693<\/span>\n\t\t\t\t\t\t\t\t\t\t\t\t\t\t\t\t\t\t\t<\/span>\n                                                                    \t\t\t\t\t\t\t\t\t<span>\u00c5R<\/span>\n\t\t\t\t\t\t\t\t\t\t\t\t\t\t\t\t\t<span>Frijsenborg bygges<\/span>\n\t\t\t\t\t\t\t\t\t\t\t\t\t\t\t<\/li>\n\t\t\t\t\t\t\t\t\t\t\t\t\t<li>\n\t\t\t\t\t\t\t\t\t\t\t\t\t\t\t\t\t<span class=\"the-value\">\n\t\t\t\t\t\t\t\t\t\t<span class=\"the-number\">1864<\/span>\n\t\t\t\t\t\t\t\t\t\t- <span class=\"the-number\">69<\/span>\t\t\t\t\t\t\t\t\t<\/span>\n                                                                    \t\t\t\t\t\t\t\t\t<span>\u00c5R<\/span>\n\t\t\t\t\t\t\t\t\t\t\t\t\t\t\t\t\t<span>Frijsenborg ombygges af Arkitekt Ferdinand Meldahl<\/span>\n\t\t\t\t\t\t\t\t\t\t\t\t\t\t\t<\/li>\n\t\t\t\t\t\t\t\t\t\t\t<\/ul>\n\t\t\t\t<\/div>\n\t\t\t<\/div>\n<\/div>\n<\/div><\/div><\/div><\/div><div id=\"pg-1503-3\"  class=\"panel-grid panel-no-style\" ><div id=\"pgc-1503-3-0\"  class=\"panel-grid-cell\" ><div id=\"panel-1503-3-0-0\" class=\"so-panel widget widget_mtt-text-wall panel-first-child panel-last-child\" data-index=\"3\" ><div\n\t\t\t\n\t\t\tclass=\"so-widget-mtt-text-wall so-widget-mtt-text-wall-base\"\n\t\t\t\n\t\t><div class=\"text-wall\">\n\t<div class=\"text-wall__inner\">\n\t\t<div class=\"text-wall__section text-wall__section--title\">\n\t\t\t\t\t\t\t\t<h2>Frijsenborgs v\u00e6rdier<\/h2>\n\t\t\t\t\t\t<\/div>\n\t\t<div class=\"text-wall__section\">\n\t\t\t<p>Vores to godser besk\u00e6ftiger hver dag 63 medarbejdere, som er fordelt p\u00e5 vores mange forskellige afdelinger inden for <strong><a href=\"https:\/\/wefri.dk\/udforsk\/landbrug\/\">land-<\/a><\/strong> og <strong><a href=\"https:\/\/wefri.dk\/udforsk\/skovbrug-og-godsbraende\/\">skovbrug<\/a><\/strong>, <strong><a href=\"https:\/\/wefri.dk\/udforsk\/jagt-vaesen\/\">jagtv\u00e6senet<\/a><\/strong>, bygningsvedligeholdelse, <a href=\"https:\/\/wefri.dk\/socialt-ansvar\/\"><strong>biogasvaretagelse<\/strong><\/a>, administration og vores <a href=\"https:\/\/wefri.dk\/udforsk\/planteskole\/\"><strong>planteskole<\/strong><\/a>.<\/p>\n<p>P\u00e5 Frijsenborg fylder skovbruget, landbruget, planteskolen og vores <a href=\"https:\/\/wefri.dk\/udforsk\/frijsenborg-herregaardskyllinger\/\"><strong>herreg\u00e5rdskyllinger<\/strong><\/a> mest i vores hverdag.<\/p>\n<p>Og vi g\u00e5r h\u00f8jt op i at f\u00f8re virksomhed p\u00e5 en socialt ansvarlig m\u00e5de \u2013 og p\u00e5 en m\u00e5de, der g\u00f8r, at vores medarbejdere m\u00f8der op med et smil p\u00e5 l\u00e6ben hver morgen.<\/p>\n\t\t<\/div>\n\t\t<div class=\"text-wall__section\">\n\t\t\t\t\t<\/div>\n\t<\/div>\n<\/div><\/div><\/div><\/div><\/div><div id=\"pg-1503-4\"  class=\"panel-grid panel-no-style\" ><div id=\"pgc-1503-4-0\"  class=\"panel-grid-cell\" ><div id=\"panel-1503-4-0-0\" class=\"so-panel widget panel-first-child panel-last-child\" data-index=\"4\" ><\/div><\/div><\/div><\/div>","protected":false},"excerpt":{"rendered":"<p>Om Frijsenborg Frijsenborg Slot blev bygget i 1693, og har haft stor betydning for lokalomr\u00e5det op gennem tiden. L\u00e6s med her \u2013\u00a0og velkommen til Frijsenborg! Om Frijsenborg Frijsenborg ligger i Hammel i det \u00f8stlige Jylland. Slottet blev bygget i 1693, hvor vores interesse for jagt og skov- og landbrug ogs\u00e5 danner r\u00f8dder tilbage til. Og [&hellip;]<\/p>\n","protected":false},"author":1,"featured_media":0,"parent":0,"menu_order":0,"comment_status":"closed","ping_status":"closed","template":"","meta":{"_acf_changed":false,"inline_featured_image":false,"footnotes":""},"class_list":["post-1503","page","type-page","status-publish","hentry"],"acf":[],"yoast_head":"<!-- This site is optimized with the Yoast SEO plugin v25.0 - https:\/\/yoast.com\/wordpress\/plugins\/seo\/ -->\n<title>About Frijsenborg - Wedellsborg<\/title>\n<meta name=\"robots\" content=\"index, follow, max-snippet:-1, max-image-preview:large, max-video-preview:-1\" \/>\n<link rel=\"canonical\" href=\"https:\/\/wefri.dk\/en\/about-frijsenborg\/\" \/>\n<meta property=\"og:locale\" content=\"en_US\" \/>\n<meta property=\"og:type\" content=\"article\" \/>\n<meta property=\"og:title\" content=\"About Frijsenborg - Wedellsborg\" \/>\n<meta property=\"og:description\" content=\"Om Frijsenborg Frijsenborg Slot blev bygget i 1693, og har haft stor betydning for lokalomr\u00e5det op gennem tiden. L\u00e6s med her \u2013\u00a0og velkommen til Frijsenborg! Om Frijsenborg Frijsenborg ligger i Hammel i det \u00f8stlige Jylland. Slottet blev bygget i 1693, hvor vores interesse for jagt og skov- og landbrug ogs\u00e5 danner r\u00f8dder tilbage til. Og [&hellip;]\" \/>\n<meta property=\"og:url\" content=\"https:\/\/wefri.dk\/en\/about-frijsenborg\/\" \/>\n<meta property=\"og:site_name\" content=\"Wedellsborg\" \/>\n<meta property=\"article:modified_time\" content=\"2023-08-29T09:25:25+00:00\" \/>\n<meta name=\"twitter:card\" content=\"summary_large_image\" \/>\n<script type=\"application\/ld+json\" class=\"yoast-schema-graph\">{\"@context\":\"https:\/\/schema.org\",\"@graph\":[{\"@type\":\"WebPage\",\"@id\":\"https:\/\/wefri.dk\/en\/about-frijsenborg\/\",\"url\":\"https:\/\/wefri.dk\/en\/about-frijsenborg\/\",\"name\":\"About Frijsenborg - Wedellsborg\",\"isPartOf\":{\"@id\":\"https:\/\/wefri.dk\/#website\"},\"datePublished\":\"2017-08-18T13:12:06+00:00\",\"dateModified\":\"2023-08-29T09:25:25+00:00\",\"breadcrumb\":{\"@id\":\"https:\/\/wefri.dk\/en\/about-frijsenborg\/#breadcrumb\"},\"inLanguage\":\"en-US\",\"potentialAction\":[{\"@type\":\"ReadAction\",\"target\":[\"https:\/\/wefri.dk\/en\/about-frijsenborg\/\"]}]},{\"@type\":\"BreadcrumbList\",\"@id\":\"https:\/\/wefri.dk\/en\/about-frijsenborg\/#breadcrumb\",\"itemListElement\":[{\"@type\":\"ListItem\",\"position\":1,\"name\":\"Home\",\"item\":\"https:\/\/wefri.dk\/en\/\"},{\"@type\":\"ListItem\",\"position\":2,\"name\":\"About Frijsenborg\"}]},{\"@type\":\"WebSite\",\"@id\":\"https:\/\/wefri.dk\/#website\",\"url\":\"https:\/\/wefri.dk\/\",\"name\":\"Wedellsborg\",\"description\":\"Endnu en WordPress-blog\",\"potentialAction\":[{\"@type\":\"SearchAction\",\"target\":{\"@type\":\"EntryPoint\",\"urlTemplate\":\"https:\/\/wefri.dk\/?s={search_term_string}\"},\"query-input\":{\"@type\":\"PropertyValueSpecification\",\"valueRequired\":true,\"valueName\":\"search_term_string\"}}],\"inLanguage\":\"en-US\"}]}<\/script>\n<!-- \/ Yoast SEO plugin. -->","yoast_head_json":{"title":"About Frijsenborg - Wedellsborg","robots":{"index":"index","follow":"follow","max-snippet":"max-snippet:-1","max-image-preview":"max-image-preview:large","max-video-preview":"max-video-preview:-1"},"canonical":"https:\/\/wefri.dk\/en\/about-frijsenborg\/","og_locale":"en_US","og_type":"article","og_title":"About Frijsenborg - Wedellsborg","og_description":"Om Frijsenborg Frijsenborg Slot blev bygget i 1693, og har haft stor betydning for lokalomr\u00e5det op gennem tiden. L\u00e6s med her \u2013\u00a0og velkommen til Frijsenborg! Om Frijsenborg Frijsenborg ligger i Hammel i det \u00f8stlige Jylland. Slottet blev bygget i 1693, hvor vores interesse for jagt og skov- og landbrug ogs\u00e5 danner r\u00f8dder tilbage til. Og [&hellip;]","og_url":"https:\/\/wefri.dk\/en\/about-frijsenborg\/","og_site_name":"Wedellsborg","article_modified_time":"2023-08-29T09:25:25+00:00","twitter_card":"summary_large_image","schema":{"@context":"https:\/\/schema.org","@graph":[{"@type":"WebPage","@id":"https:\/\/wefri.dk\/en\/about-frijsenborg\/","url":"https:\/\/wefri.dk\/en\/about-frijsenborg\/","name":"About Frijsenborg - Wedellsborg","isPartOf":{"@id":"https:\/\/wefri.dk\/#website"},"datePublished":"2017-08-18T13:12:06+00:00","dateModified":"2023-08-29T09:25:25+00:00","breadcrumb":{"@id":"https:\/\/wefri.dk\/en\/about-frijsenborg\/#breadcrumb"},"inLanguage":"en-US","potentialAction":[{"@type":"ReadAction","target":["https:\/\/wefri.dk\/en\/about-frijsenborg\/"]}]},{"@type":"BreadcrumbList","@id":"https:\/\/wefri.dk\/en\/about-frijsenborg\/#breadcrumb","itemListElement":[{"@type":"ListItem","position":1,"name":"Home","item":"https:\/\/wefri.dk\/en\/"},{"@type":"ListItem","position":2,"name":"About Frijsenborg"}]},{"@type":"WebSite","@id":"https:\/\/wefri.dk\/#website","url":"https:\/\/wefri.dk\/","name":"Wedellsborg","description":"Endnu en WordPress-blog","potentialAction":[{"@type":"SearchAction","target":{"@type":"EntryPoint","urlTemplate":"https:\/\/wefri.dk\/?s={search_term_string}"},"query-input":{"@type":"PropertyValueSpecification","valueRequired":true,"valueName":"search_term_string"}}],"inLanguage":"en-US"}]}},"_links":{"self":[{"href":"https:\/\/wefri.dk\/en\/wp-json\/wp\/v2\/pages\/1503","targetHints":{"allow":["GET"]}}],"collection":[{"href":"https:\/\/wefri.dk\/en\/wp-json\/wp\/v2\/pages"}],"about":[{"href":"https:\/\/wefri.dk\/en\/wp-json\/wp\/v2\/types\/page"}],"author":[{"embeddable":true,"href":"https:\/\/wefri.dk\/en\/wp-json\/wp\/v2\/users\/1"}],"replies":[{"embeddable":true,"href":"https:\/\/wefri.dk\/en\/wp-json\/wp\/v2\/comments?post=1503"}],"version-history":[{"count":50,"href":"https:\/\/wefri.dk\/en\/wp-json\/wp\/v2\/pages\/1503\/revisions"}],"predecessor-version":[{"id":5543,"href":"https:\/\/wefri.dk\/en\/wp-json\/wp\/v2\/pages\/1503\/revisions\/5543"}],"wp:attachment":[{"href":"https:\/\/wefri.dk\/en\/wp-json\/wp\/v2\/media?parent=1503"}],"curies":[{"name":"wp","href":"https:\/\/api.w.org\/{rel}","templated":true}]}}