{"id":1536,"date":"2017-07-03T13:48:16","date_gmt":"2017-07-03T11:48:16","guid":{"rendered":"https:\/\/wefri.dk\/jobmuligheder\/"},"modified":"2024-02-07T08:46:20","modified_gmt":"2024-02-07T07:46:20","slug":"job-possibilities","status":"publish","type":"page","link":"https:\/\/wefri.dk\/en\/job-possibilities\/","title":{"rendered":"Job possibilities"},"content":{"rendered":"<div id=\"pl-1536\"  class=\"panel-layout\" ><div id=\"pg-1536-0\"  class=\"panel-grid panel-no-style\" ><div id=\"pgc-1536-0-0\"  class=\"panel-grid-cell\" ><div id=\"panel-1536-0-0-0\" class=\"so-panel widget widget_mtt-counter-banner panel-first-child panel-last-child\" data-index=\"0\" ><div\n\t\t\t\n\t\t\tclass=\"so-widget-mtt-counter-banner so-widget-mtt-counter-banner-base\"\n\t\t\t\n\t\t><div class=\"counter-banner\">\n\t<div class=\"counter-banner__background object-fit\">\n\t\t\t\t<img decoding=\"async\" src=\"https:\/\/wefri.dk\/wp-content\/uploads\/2017\/07\/job-wedellsborg-frijsenborg.jpg\" alt=\"\">\n\t<\/div>\n\t<div class=\"counter-banner__overlay\"><\/div>\n\t<div class=\"counter-banner__inner counter-is-empty\">\n\t\t<div class=\"counter-banner__content dark-bg\">\n\t\t\t\t\t\t\t\t<span class=\"counter-banner__subtitle\">Jobmuligheder<\/span>\n\t\t\t\t\t\t\t\t<h1>Vil du v\u00e6re en del af<br \/>Frijsenborg og Wedellsborg?<\/h1>\n\t\t\t\t<p>Frijsenborg og Wedellsborg er glade for sine medarbejdere og holder gerne l\u00e6nge p\u00e5 dem.<\/p>\n<p>Vil du v\u00e6re en del af vores stolte arbejdskultur i smukke, gr\u00f8nne omgivelser?<\/p>\n\t\t<\/div>\n\t\t\t<\/div>\n<\/div>\n<\/div><\/div><\/div><\/div><div id=\"pg-1536-1\"  class=\"panel-grid panel-no-style\" ><div id=\"pgc-1536-1-0\"  class=\"panel-grid-cell\" ><div id=\"panel-1536-1-0-0\" class=\"so-panel widget widget_mtt-text-image-raised panel-first-child panel-last-child\" data-index=\"1\" ><div\n\t\t\t\n\t\t\tclass=\"so-widget-mtt-text-image-raised so-widget-mtt-text-image-raised-base\"\n\t\t\t\n\t\t>\n<div class=\"text-image\">\n\t<div class=\"text-image__inner\">\n\t\t<div class=\"text-image__text\">\n\t\t\t<div class=\"text-image__text--wrapper\">\n\t\t\t\t\t\t\t\t\t<h3>Udforsk karrieremulighederne hos Frijsenborg og Wedellsborg<\/h3>\n\t\t\t\t\t\t\t\t\t\t\t\t\tFrijsenborg og Wedellsborg er en stor organisation med mange ansatte inden for bl.a. administration og bogholderi, land- og skovbrug, planteskole, jagtv\u00e6sen, bygningsvedligeholdelse og biogas.\n\nVi s\u00f8ger altid efter driftige og engagerede medarbejdere.\n\n\n\t\t\t\t\t\t\t<\/div>\n\t\t<\/div>\n\t\t<div class=\"text-image__image object-fit\">\n\t\t\t<img decoding=\"async\"  src=\"https:\/\/wefri.dk\/wp-content\/uploads\/2018\/06\/Biogas.jpg\">\t\t\t<div class=\"text-image__image--overlay\"><\/div>\n\t\t\t\t\t\t\t<a class=\"youtube-link\" href=\"#\" title=\"\" data-video=\"53OXI1qMcYA\">\n\t\t\t\t\t<div class=\"play\">\n\t\t\t\t\t\t<div class=\"play-btn\"><\/div>\n\t\t\t\t\t<\/div>\n\t\t\t\t<\/a>\n\t\t\t\t\t<\/div>\n\t<\/div>\n<\/div><\/div><\/div><\/div><\/div><div id=\"pg-1536-2\"  class=\"panel-grid panel-no-style\" ><div id=\"pgc-1536-2-0\"  class=\"panel-grid-cell\" ><div id=\"panel-1536-2-0-0\" class=\"so-panel widget widget_mtt-counter-banner panel-first-child panel-last-child\" data-index=\"2\" ><div\n\t\t\t\n\t\t\tclass=\"so-widget-mtt-counter-banner so-widget-mtt-counter-banner-base\"\n\t\t\t\n\t\t><div class=\"counter-banner counter-banner--with-testimonial\">\n\t<div class=\"counter-banner__background object-fit\">\n\t\t\t\t<img decoding=\"async\" src=\"https:\/\/wefri.dk\/wp-content\/uploads\/2018\/06\/landbrug3.jpg\" alt=\"\">\n\t<\/div>\n\t<div class=\"counter-banner__overlay\"><\/div>\n\t<div class=\"counter-banner__inner counter-is-empty\">\n\t\t<div class=\"counter-banner__content counter-banner__content--elements-over dark-bg\">\n\t\t\t\t\t\t\t\t<h3>Bliv elev hos Frijsenborg &amp; Wedellsborg<\/h3>\n\t\t\t\t\t\t\t\t\t<span class=\"counter-banner__subtitle counter-banner__subtitle--under\">Skov- eller Landbrugselev hos os?<\/span>\n\t\t\t<p>Vi har sp\u00e6ndende elevstillinger i vores virksomhed, og du er altid velkommen til at kontakte os.<\/p>\n<p>Brug evt. ans\u00f8gningsskemaet nedenfor.<\/p>\n\t\t<\/div>\n\t\t\t\t\t<div class=\"counter-banner__testimonial dark-bg\">\n\t\t\t\t\t\t\t\t\t<p class=\"italic\">\u201cJeg har f\u00e5et masser af udfordringer i min elevtid p\u00e5 Frijsenborg, s\u00e5 jeg f\u00f8ler mig godt rustet til selv at varetage et fremtidigt job \"\nMichael Kolds\u00f8 - Skovfogedelev hos Frijsenborg<\/p>\n\t\t\t\t\t\t\t\t\t<span class=\"counter-banner__testimonial-author\">Elev hos Frijsenborg &amp; Wedellsborg<\/span>\n\t\t\t\t\t\t\t<\/div>\n\t\t\t<\/div>\n<\/div>\n<\/div><\/div><\/div><\/div><div id=\"pg-1536-3\"  class=\"panel-grid panel-no-style\" ><div id=\"pgc-1536-3-0\"  class=\"panel-grid-cell\" ><div id=\"panel-1536-3-0-0\" class=\"so-panel widget widget_mtt-text-image-raised panel-first-child panel-last-child\" data-index=\"3\" ><div\n\t\t\t\n\t\t\tclass=\"so-widget-mtt-text-image-raised so-widget-mtt-text-image-raised-base\"\n\t\t\t\n\t\t>\n<div class=\"text-image\">\n\t<div class=\"text-image__inner--reverse\">\n\t\t<div class=\"text-image__text\">\n\t\t\t<div class=\"text-image__text--wrapper\">\n\t\t\t\t\t\t\t\t\t<h3>Frijsenborg og Wedellsborg<\/h3>\n\t\t\t\t\t\t\t\t\t\t\t\t\t<p>Vores to godser\u00a0besk\u00e6ftiger hver dag adskillige medarbejdere fordelt p\u00e5 vores mange forskellige afdelinger.<\/p>\n<p>Vi g\u00f8r vores\u00a0bedste for altid at udf\u00f8re vores job med et smil p\u00e5 l\u00e6ben\u00a0\u2013 og ikke mindst\u00a0p\u00e5 en engageret og\u00a0b\u00e6redygtig m\u00e5de.<\/p>\n<p>Vores m\u00e5l er, at vores medarbejdere er glade for at st\u00e5 op og g\u00e5 p\u00e5 arbejde.<\/p>\n\t\t\t\t\t\t\t<\/div>\n\t\t<\/div>\n\t\t<div class=\"text-image__image object-fit\">\n\t\t\t<img decoding=\"async\"  src=\"https:\/\/wefri.dk\/wp-content\/uploads\/2017\/07\/medarbejder-wefri.jpg\">\t\t\t<div class=\"text-image__image--overlay\"><\/div>\n\t\t\t\t\t<\/div>\n\t<\/div>\n<\/div><\/div><\/div><\/div><\/div><div id=\"pg-1536-4\"  class=\"panel-grid panel-has-style\" ><div class=\"diagonal-bg panel-row-style panel-row-style-for-1536-4\" ><div id=\"pgc-1536-4-0\"  class=\"panel-grid-cell\" ><div id=\"panel-1536-4-0-0\" class=\"so-panel widget widget_mtt-product-features panel-first-child\" data-index=\"4\" ><div\n\t\t\t\n\t\t\tclass=\"so-widget-mtt-product-features so-widget-mtt-product-features-base\"\n\t\t\t\n\t\t><div class=\"product-features push-down\">\n\t<div class=\"product-features__inner\">\n\t\t<div class=\"product-features__heading\">\n\t\t\t<h2>Vores v\u00e6rdier<\/h2>\n\t\t\t<span class=\"product-features__heading--subtitle\">Hvad vil det sige at arbejde hos Frijsenborg og Wedellsborg? <br \/><br \/>Og hvilke v\u00e6rdier g\u00e5r vi ind for?<\/span>\n\t\t<\/div>\n\t\t<div class=\"product-features__products\">\n\t\t\t\t\t<div class=\"product\">\n\t\t\t\t<div class=\"product-inner\">\n\t\t\t\t\t<div class=\"product__image\">\n\t\t\t\t\t\t<img decoding=\"async\"  src=\"https:\/\/wefri.dk\/wp-content\/themes\/wedellsborg\/assets\/img\/icons\/checkmark.svg\">\t\t\t\t\t<\/div>\n\t\t\t\t\t<div class=\"product__content\">\n\t\t\t\t\t\t<div class=\"product__content--title\">\n\t\t\t\t\t\t\tSocialt ansvar\t\t\t\t\t\t<\/div>\n\t\t\t\t\t\t<div class=\"product__content--text\">\n\t\t\t\t\t\t\tHos Frijsenborg og Wedellsborg g\u00e5r vi ind for vedvarende energi og b\u00e6redygtighed.\t\t\t\t\t\t<\/div>\n\t\t\t\t\t<\/div>\n\t\t\t\t<\/div>\n\t\t\t<\/div>\n\t\t\t\t\t<div class=\"product\">\n\t\t\t\t<div class=\"product-inner\">\n\t\t\t\t\t<div class=\"product__image\">\n\t\t\t\t\t\t<img decoding=\"async\"  src=\"https:\/\/wefri.dk\/wp-content\/themes\/wedellsborg\/assets\/img\/icons\/checkmark.svg\">\t\t\t\t\t<\/div>\n\t\t\t\t\t<div class=\"product__content\">\n\t\t\t\t\t\t<div class=\"product__content--title\">\n\t\t\t\t\t\t\tDyrevelf\u00e6rd\t\t\t\t\t\t<\/div>\n\t\t\t\t\t\t<div class=\"product__content--text\">\n\t\t\t\t\t\t\tVi g\u00f8r meget ud af, at vores herreg\u00e5rdskyllinger har den rette staldplads og at vores vildt bliver plejet \u2013 bare for at n\u00e6vnte nogle af aspekterne.\t\t\t\t\t\t<\/div>\n\t\t\t\t\t<\/div>\n\t\t\t\t<\/div>\n\t\t\t<\/div>\n\t\t\t\t\t<div class=\"product\">\n\t\t\t\t<div class=\"product-inner\">\n\t\t\t\t\t<div class=\"product__image\">\n\t\t\t\t\t\t<img decoding=\"async\"  src=\"https:\/\/wefri.dk\/wp-content\/themes\/wedellsborg\/assets\/img\/icons\/checkmark.svg\">\t\t\t\t\t<\/div>\n\t\t\t\t\t<div class=\"product__content\">\n\t\t\t\t\t\t<div class=\"product__content--title\">\n\t\t\t\t\t\t\tSt\u00e6rkt sammenhold\t\t\t\t\t\t<\/div>\n\t\t\t\t\t\t<div class=\"product__content--text\">\n\t\t\t\t\t\t\tVores medarbejdere er loyale og arbejdsomme \u2013 og en stor del af dem har v\u00e6ret ansat i meget lang tid, hvilket vi er utrolig taknemmelige for. \t\t\t\t\t\t<\/div>\n\t\t\t\t\t<\/div>\n\t\t\t\t<\/div>\n\t\t\t<\/div>\n\t\t\t\t\t<div class=\"product\">\n\t\t\t\t<div class=\"product-inner\">\n\t\t\t\t\t<div class=\"product__image\">\n\t\t\t\t\t\t<img decoding=\"async\"  src=\"https:\/\/wefri.dk\/wp-content\/themes\/wedellsborg\/assets\/img\/icons\/checkmark.svg\">\t\t\t\t\t<\/div>\n\t\t\t\t\t<div class=\"product__content\">\n\t\t\t\t\t\t<div class=\"product__content--title\">\n\t\t\t\t\t\t\tHistoriske huse\t\t\t\t\t\t<\/div>\n\t\t\t\t\t\t<div class=\"product__content--text\">\n\t\t\t\t\t\t\tFrijsenborg og Wedellsborg er en del af den danske kulturarv. <br \/><br \/>Og vi g\u00f8r meget for at vedligeholde de historiske bygninger, s\u00e5 de kan st\u00e5 i mange \u00e5r endnu.\t\t\t\t\t\t<\/div>\n\t\t\t\t\t<\/div>\n\t\t\t\t<\/div>\n\t\t\t<\/div>\n\t\t\t\t\t<div class=\"product\">\n\t\t\t\t<div class=\"product-inner\">\n\t\t\t\t\t<div class=\"product__image\">\n\t\t\t\t\t\t<img decoding=\"async\"  src=\"https:\/\/wefri.dk\/wp-content\/themes\/wedellsborg\/assets\/img\/icons\/checkmark.svg\">\t\t\t\t\t<\/div>\n\t\t\t\t\t<div class=\"product__content\">\n\t\t\t\t\t\t<div class=\"product__content--title\">\n\t\t\t\t\t\t\tKvalitet\t\t\t\t\t\t<\/div>\n\t\t\t\t\t\t<div class=\"product__content--text\">\n\t\t\t\t\t\t\tVi tror p\u00e5 vores produkter. <br \/><br \/>Og vi er stolte af at kunne producere kvalitetsprodukter til en god pris \u2013 og med en st\u00e6rk historisk baggrund.\t\t\t\t\t\t<\/div>\n\t\t\t\t\t<\/div>\n\t\t\t\t<\/div>\n\t\t\t<\/div>\n\t\t\t\t\t<div class=\"product\">\n\t\t\t\t<div class=\"product-inner\">\n\t\t\t\t\t<div class=\"product__image\">\n\t\t\t\t\t\t<img decoding=\"async\"  src=\"https:\/\/wefri.dk\/wp-content\/themes\/wedellsborg\/assets\/img\/icons\/checkmark.svg\">\t\t\t\t\t<\/div>\n\t\t\t\t\t<div class=\"product__content\">\n\t\t\t\t\t\t<div class=\"product__content--title\">\n\t\t\t\t\t\t\tB\u00e6redygtigt landbrug\t\t\t\t\t\t<\/div>\n\t\t\t\t\t\t<div class=\"product__content--text\">\n\t\t\t\t\t\t\tP\u00e5 Frijsenborg og Wedellsborg arbejder vi med et b\u00e6redygtigt landbrug og vores dokumenterede b\u00e6redygtige skovdrift.\t\t\t\t\t\t<\/div>\n\t\t\t\t\t<\/div>\n\t\t\t\t<\/div>\n\t\t\t<\/div>\n\t\t\t\t<\/div>\n\t<\/div>\n<\/div><\/div><\/div><div id=\"panel-1536-4-0-1\" class=\"so-panel widget\" data-index=\"5\" ><\/div><div id=\"panel-1536-4-0-2\" class=\"so-panel widget panel-last-child\" data-index=\"6\" ><\/div><\/div><\/div><\/div><\/div>","protected":false},"excerpt":{"rendered":"<p>Jobmuligheder Vil du v\u00e6re en del afFrijsenborg og Wedellsborg? Frijsenborg og Wedellsborg er glade for sine medarbejdere og holder gerne l\u00e6nge p\u00e5 dem. Vil du v\u00e6re en del af vores stolte arbejdskultur i smukke, gr\u00f8nne omgivelser? Udforsk karrieremulighederne hos Frijsenborg og Wedellsborg Frijsenborg og Wedellsborg er en stor organisation med mange ansatte inden for bl.a. [&hellip;]<\/p>\n","protected":false},"author":1,"featured_media":0,"parent":0,"menu_order":0,"comment_status":"closed","ping_status":"closed","template":"","meta":{"_acf_changed":false,"inline_featured_image":false,"footnotes":""},"class_list":["post-1536","page","type-page","status-publish","hentry"],"acf":[],"yoast_head":"<!-- This site is optimized with the Yoast SEO plugin v25.0 - https:\/\/yoast.com\/wordpress\/plugins\/seo\/ -->\n<title>Job possibilities - Wedellsborg<\/title>\n<meta name=\"robots\" content=\"index, follow, max-snippet:-1, max-image-preview:large, max-video-preview:-1\" \/>\n<link rel=\"canonical\" href=\"https:\/\/wefri.dk\/en\/job-possibilities\/\" \/>\n<meta property=\"og:locale\" content=\"en_US\" \/>\n<meta property=\"og:type\" content=\"article\" \/>\n<meta property=\"og:title\" content=\"Job possibilities - Wedellsborg\" \/>\n<meta property=\"og:description\" content=\"Jobmuligheder Vil du v\u00e6re en del afFrijsenborg og Wedellsborg? Frijsenborg og Wedellsborg er glade for sine medarbejdere og holder gerne l\u00e6nge p\u00e5 dem. Vil du v\u00e6re en del af vores stolte arbejdskultur i smukke, gr\u00f8nne omgivelser? Udforsk karrieremulighederne hos Frijsenborg og Wedellsborg Frijsenborg og Wedellsborg er en stor organisation med mange ansatte inden for bl.a. [&hellip;]\" \/>\n<meta property=\"og:url\" content=\"https:\/\/wefri.dk\/en\/job-possibilities\/\" \/>\n<meta property=\"og:site_name\" content=\"Wedellsborg\" \/>\n<meta property=\"article:modified_time\" content=\"2024-02-07T07:46:20+00:00\" \/>\n<meta name=\"twitter:card\" content=\"summary_large_image\" \/>\n<meta name=\"twitter:label1\" content=\"Est. reading time\" \/>\n\t<meta name=\"twitter:data1\" content=\"1 minute\" \/>\n<script type=\"application\/ld+json\" class=\"yoast-schema-graph\">{\"@context\":\"https:\/\/schema.org\",\"@graph\":[{\"@type\":\"WebPage\",\"@id\":\"https:\/\/wefri.dk\/en\/job-possibilities\/\",\"url\":\"https:\/\/wefri.dk\/en\/job-possibilities\/\",\"name\":\"Job possibilities - Wedellsborg\",\"isPartOf\":{\"@id\":\"https:\/\/wefri.dk\/#website\"},\"datePublished\":\"2017-07-03T11:48:16+00:00\",\"dateModified\":\"2024-02-07T07:46:20+00:00\",\"breadcrumb\":{\"@id\":\"https:\/\/wefri.dk\/en\/job-possibilities\/#breadcrumb\"},\"inLanguage\":\"en-US\",\"potentialAction\":[{\"@type\":\"ReadAction\",\"target\":[\"https:\/\/wefri.dk\/en\/job-possibilities\/\"]}]},{\"@type\":\"BreadcrumbList\",\"@id\":\"https:\/\/wefri.dk\/en\/job-possibilities\/#breadcrumb\",\"itemListElement\":[{\"@type\":\"ListItem\",\"position\":1,\"name\":\"Home\",\"item\":\"https:\/\/wefri.dk\/en\/\"},{\"@type\":\"ListItem\",\"position\":2,\"name\":\"Job possibilities\"}]},{\"@type\":\"WebSite\",\"@id\":\"https:\/\/wefri.dk\/#website\",\"url\":\"https:\/\/wefri.dk\/\",\"name\":\"Wedellsborg\",\"description\":\"Endnu en WordPress-blog\",\"potentialAction\":[{\"@type\":\"SearchAction\",\"target\":{\"@type\":\"EntryPoint\",\"urlTemplate\":\"https:\/\/wefri.dk\/?s={search_term_string}\"},\"query-input\":{\"@type\":\"PropertyValueSpecification\",\"valueRequired\":true,\"valueName\":\"search_term_string\"}}],\"inLanguage\":\"en-US\"}]}<\/script>\n<!-- \/ Yoast SEO plugin. -->","yoast_head_json":{"title":"Job possibilities - Wedellsborg","robots":{"index":"index","follow":"follow","max-snippet":"max-snippet:-1","max-image-preview":"max-image-preview:large","max-video-preview":"max-video-preview:-1"},"canonical":"https:\/\/wefri.dk\/en\/job-possibilities\/","og_locale":"en_US","og_type":"article","og_title":"Job possibilities - Wedellsborg","og_description":"Jobmuligheder Vil du v\u00e6re en del afFrijsenborg og Wedellsborg? Frijsenborg og Wedellsborg er glade for sine medarbejdere og holder gerne l\u00e6nge p\u00e5 dem. Vil du v\u00e6re en del af vores stolte arbejdskultur i smukke, gr\u00f8nne omgivelser? Udforsk karrieremulighederne hos Frijsenborg og Wedellsborg Frijsenborg og Wedellsborg er en stor organisation med mange ansatte inden for bl.a. [&hellip;]","og_url":"https:\/\/wefri.dk\/en\/job-possibilities\/","og_site_name":"Wedellsborg","article_modified_time":"2024-02-07T07:46:20+00:00","twitter_card":"summary_large_image","twitter_misc":{"Est. reading time":"1 minute"},"schema":{"@context":"https:\/\/schema.org","@graph":[{"@type":"WebPage","@id":"https:\/\/wefri.dk\/en\/job-possibilities\/","url":"https:\/\/wefri.dk\/en\/job-possibilities\/","name":"Job possibilities - Wedellsborg","isPartOf":{"@id":"https:\/\/wefri.dk\/#website"},"datePublished":"2017-07-03T11:48:16+00:00","dateModified":"2024-02-07T07:46:20+00:00","breadcrumb":{"@id":"https:\/\/wefri.dk\/en\/job-possibilities\/#breadcrumb"},"inLanguage":"en-US","potentialAction":[{"@type":"ReadAction","target":["https:\/\/wefri.dk\/en\/job-possibilities\/"]}]},{"@type":"BreadcrumbList","@id":"https:\/\/wefri.dk\/en\/job-possibilities\/#breadcrumb","itemListElement":[{"@type":"ListItem","position":1,"name":"Home","item":"https:\/\/wefri.dk\/en\/"},{"@type":"ListItem","position":2,"name":"Job possibilities"}]},{"@type":"WebSite","@id":"https:\/\/wefri.dk\/#website","url":"https:\/\/wefri.dk\/","name":"Wedellsborg","description":"Endnu en WordPress-blog","potentialAction":[{"@type":"SearchAction","target":{"@type":"EntryPoint","urlTemplate":"https:\/\/wefri.dk\/?s={search_term_string}"},"query-input":{"@type":"PropertyValueSpecification","valueRequired":true,"valueName":"search_term_string"}}],"inLanguage":"en-US"}]}},"_links":{"self":[{"href":"https:\/\/wefri.dk\/en\/wp-json\/wp\/v2\/pages\/1536","targetHints":{"allow":["GET"]}}],"collection":[{"href":"https:\/\/wefri.dk\/en\/wp-json\/wp\/v2\/pages"}],"about":[{"href":"https:\/\/wefri.dk\/en\/wp-json\/wp\/v2\/types\/page"}],"author":[{"embeddable":true,"href":"https:\/\/wefri.dk\/en\/wp-json\/wp\/v2\/users\/1"}],"replies":[{"embeddable":true,"href":"https:\/\/wefri.dk\/en\/wp-json\/wp\/v2\/comments?post=1536"}],"version-history":[{"count":47,"href":"https:\/\/wefri.dk\/en\/wp-json\/wp\/v2\/pages\/1536\/revisions"}],"predecessor-version":[{"id":5660,"href":"https:\/\/wefri.dk\/en\/wp-json\/wp\/v2\/pages\/1536\/revisions\/5660"}],"wp:attachment":[{"href":"https:\/\/wefri.dk\/en\/wp-json\/wp\/v2\/media?parent=1536"}],"curies":[{"name":"wp","href":"https:\/\/api.w.org\/{rel}","templated":true}]}}