{"id":1549,"date":"2017-07-03T13:46:23","date_gmt":"2017-07-03T11:46:23","guid":{"rendered":"https:\/\/wefri.dk\/jagt-vaesen\/"},"modified":"2025-12-16T12:12:05","modified_gmt":"2025-12-16T11:12:05","slug":"hunting","status":"publish","type":"page","link":"https:\/\/wefri.dk\/en\/explore\/hunting\/","title":{"rendered":"Hunting"},"content":{"rendered":"<div id=\"pl-1549\"  class=\"panel-layout\" ><div id=\"pg-1549-0\"  class=\"panel-grid panel-no-style\" ><div id=\"pgc-1549-0-0\"  class=\"panel-grid-cell\" ><div id=\"panel-1549-0-0-0\" class=\"so-panel widget widget_mtt-counter-banner panel-first-child panel-last-child\" data-index=\"0\" ><div\n\t\t\t\n\t\t\tclass=\"so-widget-mtt-counter-banner so-widget-mtt-counter-banner-base\"\n\t\t\t\n\t\t><div class=\"counter-banner\">\n\t<div class=\"counter-banner__background object-fit\">\n\t\t\t\t\t<iframe src=\"https:\/\/www.youtube.com\/embed\/hb0JY-4E0xU?wmode=opaque&controls=0&showinfo=0&autoplay=1&loop=1&playlist=hb0JY-4E0xU&VQ=HD720&mute=1\" frameborder=\"0\"><\/iframe>\n\t\t\t\t<img decoding=\"async\" src=\"https:\/\/wefri.dk\/wp-content\/uploads\/2017\/07\/hjort-jagt-wefri.jpg\" alt=\"\">\n\t<\/div>\n\t<div class=\"counter-banner__overlay\"><\/div>\n\t<div class=\"counter-banner__inner\">\n\t\t<div class=\"counter-banner__content counter-banner__content--center dark-bg\">\n\t\t\t\t\t\t\t\t<h1>Jagten og jagtv\u00e6senet<\/h1>\n\t\t\t\t<p>Jagten og jagtv\u00e6senet er en vigtig del af kulturarven p\u00e5 b\u00e5de Frijsenborg og Wedellsborg.<\/p>\n\t\t\t\t<a href=\"https:\/\/wefri.dk\/udforsk\/jagt-vaesen\/arealudlejning\/\" class=\"button\">Lej et jagtareal<\/a>\n\t\t\t\t\t<\/div>\n\t\t\t\t\t<div class=\"counter-banner__testimonial dark-bg\">\n\t\t\t\t\t\t\t<\/div>\n\t\t\t<\/div>\n<\/div>\n<\/div><\/div><\/div><\/div><div id=\"pg-1549-1\"  class=\"panel-grid panel-no-style\" ><div id=\"pgc-1549-1-0\"  class=\"panel-grid-cell\" ><div id=\"panel-1549-1-0-0\" class=\"so-panel widget widget_mtt-minisite-nav panel-first-child panel-last-child\" data-index=\"1\" ><div\n\t\t\t\n\t\t\tclass=\"so-widget-mtt-minisite-nav so-widget-mtt-minisite-nav-base\"\n\t\t\t\n\t\t><div class=\"filter-minisite\">\n\t<div class=\"filter-minisite__inner\">\n\t\t<a href=\"#\" class=\"filter-minisite__dropdown\">Valgmuligheder<\/a>\t\n\t\t\t\t\t<ul id=\"menu-minisites-english\" class=\"filter-minisite__items\"><li id=\"menu-item-1767\" class=\"filter-contact__item menu-item menu-item-type-post_type menu-item-object-page menu-item-1767\"><a href=\"https:\/\/wefri.dk\/en\/explore\/hunting\/go\/\">Go hunting<\/a><\/li>\n<li id=\"menu-item-2708\" class=\"filter-contact__item menu-item menu-item-type-post_type menu-item-object-page menu-item-2708\"><a href=\"https:\/\/wefri.dk\/en\/explore\/forestry-firewood\/riding-passes\/\">Horseback riding<\/a><\/li>\n<li id=\"menu-item-1769\" class=\"filter-contact__item menu-item menu-item-type-post_type menu-item-object-page menu-item-1769\"><a href=\"https:\/\/wefri.dk\/en\/explore\/hunting\/rules-access\/\">Rules of access<\/a><\/li>\n<li id=\"menu-item-2709\" class=\"filter-contact__item menu-item menu-item-type-post_type menu-item-object-page menu-item-2709\"><a href=\"https:\/\/wefri.dk\/en\/explore\/forestry-firewood\/\">Forestry and firewood<\/a><\/li>\n<\/ul>\t\t\t<\/div>\n<\/div><\/div><\/div><\/div><\/div><div id=\"pg-1549-2\"  class=\"panel-grid panel-no-style\" ><div id=\"pgc-1549-2-0\"  class=\"panel-grid-cell\" ><div id=\"panel-1549-2-0-0\" class=\"so-panel widget widget_mtt-text-video panel-first-child panel-last-child\" data-index=\"2\" ><div\n\t\t\t\n\t\t\tclass=\"so-widget-mtt-text-video so-widget-mtt-text-video-base\"\n\t\t\t\n\t\t>\n<div class=\"text-video no-padding-bottom\">\n\t<div class=\"text-video__inner\">\n\t\t<div class=\"text-video__text\">\n\t\t\t<div class=\"text-video__text--wrapper\">\n\t\t\t\t\t\t\t\t\t<h3>Areal til Leje<\/h3>\n\t\t\t\t\t\t\t\t\t\t\t\t\t<p>Vi har i \u00f8jeblikket ikke nogle arealer til udlejning.<\/p>\n<p>Du er altid velkommen til at skrive dig op som interessent, s\u00e5 kontakter vi dig hvis der dukker en mulighed op.<\/p>\n<p>Du kan se en kort video fra et af vores omr\u00e5der <a href=\"https:\/\/youtu.be\/fKp9yzVoiQc\">her.<\/a><\/p>\n<p>Du kan benytte dig af knappen nedenfor.<\/p>\n\t\t\t\t\t\t\t\t\t\t\t\t\t<a href=\"https:\/\/wefri.dk\/udforsk\/jagt-vaesen\/arealudlejning\/\" class=\"button button--green\">Areal udlejning<\/a>\n\t\t\t\t\t\t\t<\/div>\n\t\t<\/div>\n\t\t<div class=\"text-video__image object-fit\">\n\t\t\t<img decoding=\"async\"  src=\"https:\/\/wefri.dk\/wp-content\/uploads\/2020\/02\/Jagt2.jpg\">\t\t\t<div class=\"text-video__image--overlay\"><\/div>\n\t\t\t\t\t\t\t<a class=\"youtube-link\" href=\"#\" title=\"\" data-video=\"Ty7LhoTpgOM\">\n\t\t\t\t\t<div class=\"play\">\n\t\t\t\t\t\t<div class=\"play-btn\"><\/div>\n\t\t\t\t\t<\/div>\n\t\t\t\t<\/a>\n\t\t\t\t\t<\/div>\n\t<\/div>\n<\/div><\/div><\/div><\/div><\/div><div id=\"pg-1549-3\"  class=\"panel-grid panel-no-style\" ><div id=\"pgc-1549-3-0\"  class=\"panel-grid-cell\" ><div id=\"panel-1549-3-0-0\" class=\"so-panel widget widget_mtt-media-banner panel-first-child panel-last-child\" data-index=\"3\" ><div\n\t\t\t\n\t\t\tclass=\"so-widget-mtt-media-banner so-widget-mtt-media-banner-base\"\n\t\t\t\n\t\t><div class=\"media-banner\">\n\t<div class=\"media-banner__inner\">\n\t\t<div class=\"media-banner__item\">\n\t\t\t<div class=\"item-inner\">\n\t\t\t\t\t\t\t\t\t\t<h3>Et samlet jagtareal <br \/>p\u00e5 mere end 10.000 HA<\/h3>\n\t\t\t\t\t\t\t\t<\/div>\n\t\t<\/div>\n\t\t<div class=\"media-banner__item\">\n\t\t\t<div class=\"item-inner\">\n\t\t\t\t<p>Det egentlige jagtv\u00e6sen med vildtpleje, vildtopdr\u00e6t og uds\u00e6tning blev indf\u00f8rt af lensgreve Mogens Frijs (1849-1923) p\u00e5 Frijsenborg i 1800-tallet og har dannet grundlag for den nuv\u00e6rende store vildtbestand i Frijsenborgskovene.<\/p>\n<p>P\u00e5 Frijsenborg spreder jagtkonsortiet sig over 6.000 ha og p\u00e5 Wedellsborg over 4.000 ha, ligesom der er et mindre jagtkonsortie i S\u00f8nderjylland p\u00e5 over 200 ha.<\/p>\n<p>P\u00e5 denne side kan du l\u00e6se mere om de forskellige jagtmuligheder, skovudlejning og regler.<\/p>\n\t\t\t<\/div>\n\t\t<\/div>\n\t\t\t\t\t<div class=\"media-banner__item media-banner__item--video\">\n\t\t\t\t<div class=\"media-banner__video\">\n\t\t\t\t\t<div class=\"media-banner__video-inner object-fit\">\n\t\t\t\t\t\t<img decoding=\"async\" src=\"https:\/\/wefri.dk\/wp-content\/uploads\/2018\/06\/Jagt.jpg\" alt=\"media-image\">\n\t\t\t\t\t<\/div>\n\t\t\t\t<\/div>\n\t\t\t<\/div>\n\t\t\t<\/div>\n<\/div>\n<\/div><\/div><\/div><\/div><div id=\"pg-1549-4\"  class=\"panel-grid panel-no-style\" ><div id=\"pgc-1549-4-0\"  class=\"panel-grid-cell\" ><div id=\"panel-1549-4-0-0\" class=\"so-panel widget widget_mtt-counter-banner panel-first-child panel-last-child\" data-index=\"4\" ><div\n\t\t\t\n\t\t\tclass=\"so-widget-mtt-counter-banner so-widget-mtt-counter-banner-base\"\n\t\t\t\n\t\t><div class=\"counter-banner\">\n\t<div class=\"counter-banner__background object-fit\">\n\t\t\t\t<img decoding=\"async\" src=\"https:\/\/wefri.dk\/wp-content\/uploads\/2018\/06\/jagtsika.jpg\" alt=\"\">\n\t<\/div>\n\t<div class=\"counter-banner__overlay\"><\/div>\n\t<div class=\"counter-banner__inner\">\n\t\t<div class=\"counter-banner__content counter-banner__content--center dark-bg\">\n\t\t\t\t\t\t\t\t<h2>Jagtoplevelser <br \/>i vores skove<\/h2>\n\t\t\t\t<p>At tage p\u00e5 jagt ved Frijsenborg og Wedellsborg er en unik oplevelse, hvor vores personale strikker et program sammen, som passer til jeres individuelle jagt\u00f8nsker.<\/p>\n<p>Du finder sikavildt, kronvildt, samt vildsvin i Frijsenborgs skove, mens du derimod kan finde d\u00e5- og r\u00e5vildt samt muflon i Wedellsborgomr\u00e5det.<\/p>\n<p>Kontakt Skytterne p\u00e5 Frijsenborg eller Wedellsborg for yderligere information<\/p>\n\t\t\t\t<a href=\"https:\/\/wefri.dk\/udforsk\/jagt-vaesen\/konsortium\/\" class=\"button button--green-solid button--margin-right\">Se konsortier<\/a>\n\t\t\t\t\t<\/div>\n\t\t\t\t\t<div class=\"counter-banner__testimonial dark-bg\">\n\t\t\t\t\t\t\t<\/div>\n\t\t\t<\/div>\n<\/div>\n<\/div><\/div><\/div><\/div><div id=\"pg-1549-5\"  class=\"panel-grid panel-no-style\" ><div id=\"pgc-1549-5-0\"  class=\"panel-grid-cell\" ><div id=\"panel-1549-5-0-0\" class=\"so-panel widget panel-first-child panel-last-child\" data-index=\"5\" ><\/div><\/div><\/div><\/div>","protected":false},"excerpt":{"rendered":"<p>Jagten og jagtv\u00e6senet Jagten og jagtv\u00e6senet er en vigtig del af kulturarven p\u00e5 b\u00e5de Frijsenborg og Wedellsborg. Lej et jagtareal Valgmuligheder Go hunting Horseback riding Rules of access Forestry and firewood Areal til Leje Vi har i \u00f8jeblikket ikke nogle arealer til udlejning. Du er altid velkommen til at skrive dig op som interessent, s\u00e5 [&hellip;]<\/p>\n","protected":false},"author":1,"featured_media":0,"parent":1688,"menu_order":0,"comment_status":"closed","ping_status":"closed","template":"","meta":{"_acf_changed":false,"inline_featured_image":false,"footnotes":""},"class_list":["post-1549","page","type-page","status-publish","hentry"],"acf":[],"yoast_head":"<!-- This site is optimized with the Yoast SEO plugin v27.3 - https:\/\/yoast.com\/product\/yoast-seo-wordpress\/ -->\n<title>Hunting - Wedellsborg<\/title>\n<meta name=\"robots\" content=\"index, follow, max-snippet:-1, max-image-preview:large, max-video-preview:-1\" \/>\n<link rel=\"canonical\" href=\"https:\/\/wefri.dk\/en\/explore\/hunting\/\" \/>\n<meta property=\"og:locale\" content=\"en_US\" \/>\n<meta property=\"og:type\" content=\"article\" \/>\n<meta property=\"og:title\" content=\"Hunting - Wedellsborg\" \/>\n<meta property=\"og:description\" content=\"Jagten og jagtv\u00e6senet Jagten og jagtv\u00e6senet er en vigtig del af kulturarven p\u00e5 b\u00e5de Frijsenborg og Wedellsborg. Lej et jagtareal Valgmuligheder Go hunting Horseback riding Rules of access Forestry and firewood Areal til Leje Vi har i \u00f8jeblikket ikke nogle arealer til udlejning. Du er altid velkommen til at skrive dig op som interessent, s\u00e5 [&hellip;]\" \/>\n<meta property=\"og:url\" content=\"https:\/\/wefri.dk\/en\/explore\/hunting\/\" \/>\n<meta property=\"og:site_name\" content=\"Wedellsborg\" \/>\n<meta property=\"article:modified_time\" content=\"2025-12-16T11:12:05+00:00\" \/>\n<meta name=\"twitter:card\" content=\"summary_large_image\" \/>\n<script type=\"application\/ld+json\" class=\"yoast-schema-graph\">{\"@context\":\"https:\\\/\\\/schema.org\",\"@graph\":[{\"@type\":\"WebPage\",\"@id\":\"https:\\\/\\\/wefri.dk\\\/en\\\/explore\\\/hunting\\\/\",\"url\":\"https:\\\/\\\/wefri.dk\\\/en\\\/explore\\\/hunting\\\/\",\"name\":\"Hunting - Wedellsborg\",\"isPartOf\":{\"@id\":\"https:\\\/\\\/wefri.dk\\\/#website\"},\"datePublished\":\"2017-07-03T11:46:23+00:00\",\"dateModified\":\"2025-12-16T11:12:05+00:00\",\"breadcrumb\":{\"@id\":\"https:\\\/\\\/wefri.dk\\\/en\\\/explore\\\/hunting\\\/#breadcrumb\"},\"inLanguage\":\"en-US\",\"potentialAction\":[{\"@type\":\"ReadAction\",\"target\":[\"https:\\\/\\\/wefri.dk\\\/en\\\/explore\\\/hunting\\\/\"]}]},{\"@type\":\"BreadcrumbList\",\"@id\":\"https:\\\/\\\/wefri.dk\\\/en\\\/explore\\\/hunting\\\/#breadcrumb\",\"itemListElement\":[{\"@type\":\"ListItem\",\"position\":1,\"name\":\"Home\",\"item\":\"https:\\\/\\\/wefri.dk\\\/en\\\/\"},{\"@type\":\"ListItem\",\"position\":2,\"name\":\"Explore\",\"item\":\"https:\\\/\\\/wefri.dk\\\/en\\\/explore\\\/\"},{\"@type\":\"ListItem\",\"position\":3,\"name\":\"Hunting\"}]},{\"@type\":\"WebSite\",\"@id\":\"https:\\\/\\\/wefri.dk\\\/#website\",\"url\":\"https:\\\/\\\/wefri.dk\\\/\",\"name\":\"Wedellsborg\",\"description\":\"Endnu en WordPress-blog\",\"potentialAction\":[{\"@type\":\"SearchAction\",\"target\":{\"@type\":\"EntryPoint\",\"urlTemplate\":\"https:\\\/\\\/wefri.dk\\\/?s={search_term_string}\"},\"query-input\":{\"@type\":\"PropertyValueSpecification\",\"valueRequired\":true,\"valueName\":\"search_term_string\"}}],\"inLanguage\":\"en-US\"}]}<\/script>\n<!-- \/ Yoast SEO plugin. -->","yoast_head_json":{"title":"Hunting - Wedellsborg","robots":{"index":"index","follow":"follow","max-snippet":"max-snippet:-1","max-image-preview":"max-image-preview:large","max-video-preview":"max-video-preview:-1"},"canonical":"https:\/\/wefri.dk\/en\/explore\/hunting\/","og_locale":"en_US","og_type":"article","og_title":"Hunting - Wedellsborg","og_description":"Jagten og jagtv\u00e6senet Jagten og jagtv\u00e6senet er en vigtig del af kulturarven p\u00e5 b\u00e5de Frijsenborg og Wedellsborg. Lej et jagtareal Valgmuligheder Go hunting Horseback riding Rules of access Forestry and firewood Areal til Leje Vi har i \u00f8jeblikket ikke nogle arealer til udlejning. Du er altid velkommen til at skrive dig op som interessent, s\u00e5 [&hellip;]","og_url":"https:\/\/wefri.dk\/en\/explore\/hunting\/","og_site_name":"Wedellsborg","article_modified_time":"2025-12-16T11:12:05+00:00","twitter_card":"summary_large_image","schema":{"@context":"https:\/\/schema.org","@graph":[{"@type":"WebPage","@id":"https:\/\/wefri.dk\/en\/explore\/hunting\/","url":"https:\/\/wefri.dk\/en\/explore\/hunting\/","name":"Hunting - Wedellsborg","isPartOf":{"@id":"https:\/\/wefri.dk\/#website"},"datePublished":"2017-07-03T11:46:23+00:00","dateModified":"2025-12-16T11:12:05+00:00","breadcrumb":{"@id":"https:\/\/wefri.dk\/en\/explore\/hunting\/#breadcrumb"},"inLanguage":"en-US","potentialAction":[{"@type":"ReadAction","target":["https:\/\/wefri.dk\/en\/explore\/hunting\/"]}]},{"@type":"BreadcrumbList","@id":"https:\/\/wefri.dk\/en\/explore\/hunting\/#breadcrumb","itemListElement":[{"@type":"ListItem","position":1,"name":"Home","item":"https:\/\/wefri.dk\/en\/"},{"@type":"ListItem","position":2,"name":"Explore","item":"https:\/\/wefri.dk\/en\/explore\/"},{"@type":"ListItem","position":3,"name":"Hunting"}]},{"@type":"WebSite","@id":"https:\/\/wefri.dk\/#website","url":"https:\/\/wefri.dk\/","name":"Wedellsborg","description":"Endnu en WordPress-blog","potentialAction":[{"@type":"SearchAction","target":{"@type":"EntryPoint","urlTemplate":"https:\/\/wefri.dk\/?s={search_term_string}"},"query-input":{"@type":"PropertyValueSpecification","valueRequired":true,"valueName":"search_term_string"}}],"inLanguage":"en-US"}]}},"_links":{"self":[{"href":"https:\/\/wefri.dk\/en\/wp-json\/wp\/v2\/pages\/1549","targetHints":{"allow":["GET"]}}],"collection":[{"href":"https:\/\/wefri.dk\/en\/wp-json\/wp\/v2\/pages"}],"about":[{"href":"https:\/\/wefri.dk\/en\/wp-json\/wp\/v2\/types\/page"}],"author":[{"embeddable":true,"href":"https:\/\/wefri.dk\/en\/wp-json\/wp\/v2\/users\/1"}],"replies":[{"embeddable":true,"href":"https:\/\/wefri.dk\/en\/wp-json\/wp\/v2\/comments?post=1549"}],"version-history":[{"count":11,"href":"https:\/\/wefri.dk\/en\/wp-json\/wp\/v2\/pages\/1549\/revisions"}],"predecessor-version":[{"id":5888,"href":"https:\/\/wefri.dk\/en\/wp-json\/wp\/v2\/pages\/1549\/revisions\/5888"}],"up":[{"embeddable":true,"href":"https:\/\/wefri.dk\/en\/wp-json\/wp\/v2\/pages\/1688"}],"wp:attachment":[{"href":"https:\/\/wefri.dk\/en\/wp-json\/wp\/v2\/media?parent=1549"}],"curies":[{"name":"wp","href":"https:\/\/api.w.org\/{rel}","templated":true}]}}