{"id":1554,"date":"2017-07-27T10:24:58","date_gmt":"2017-07-27T08:24:58","guid":{"rendered":"https:\/\/wefri.dk\/jagt-vaesen\/adgangsregler\/"},"modified":"2024-08-20T10:22:02","modified_gmt":"2024-08-20T08:22:02","slug":"rules-access","status":"publish","type":"page","link":"https:\/\/wefri.dk\/en\/explore\/hunting\/rules-access\/","title":{"rendered":"Rules of access"},"content":{"rendered":"<div id=\"pl-1554\"  class=\"panel-layout\" ><div id=\"pg-1554-0\"  class=\"panel-grid panel-no-style\" ><div id=\"pgc-1554-0-0\"  class=\"panel-grid-cell\" ><div id=\"panel-1554-0-0-0\" class=\"so-panel widget widget_mtt-text-wall panel-first-child panel-last-child\" data-index=\"0\" ><div\n\t\t\t\n\t\t\tclass=\"so-widget-mtt-text-wall so-widget-mtt-text-wall-base\"\n\t\t\t\n\t\t><div class=\"text-wall\">\n\t<div class=\"text-wall__inner\">\n\t\t<div class=\"text-wall__section text-wall__section--title\">\n\t\t\t\t\t\t\t\t<h2>I privatejede skove m\u00e5 du:<\/h2>\n\t\t\t\t\t\t<\/div>\n\t\t<div class=\"text-wall__section\">\n\t\t\t<p>- Opholde dig fra klokken 6 om morgenen og indtil solnedgang<\/p><p>- Kun g\u00e5 p\u00e5 veje og stier \u2013 undtagen stier, der kun er trampet<\/p><p>- Ikke sk\u00e6re eller klippe noget af tr\u00e6erne<\/p><p>- Samle svampe, n\u00f8dder, b\u00e6r, fr\u00f8, kogler fra skovbunden, mos, lav, grene og kviste \u2013 dog kun det, du kan n\u00e5 fra veje og stier<\/p>\t\t<\/div>\n\t\t<div class=\"text-wall__section\">\n\t\t\t<p>- Kun ride efter aftale med ejeren<\/p><p>- Cykle p\u00e5 veje og grusstier, men ikke i skovbunden<\/p><p>- Holde hunde i snor<\/p><p>- Du m\u00e5 ikke grave planter op<\/p><p>- Hvis I er flere end 50 personer, <span style=\"text-decoration: underline;\">skal<\/span> der s\u00f8ges om tilladelse til at afholde turen.<\/p>\t\t<\/div>\n\t<\/div>\n<\/div><\/div><\/div><\/div><\/div><div id=\"pg-1554-1\"  class=\"panel-grid panel-no-style\" ><div id=\"pgc-1554-1-0\"  class=\"panel-grid-cell\" ><div id=\"panel-1554-1-0-0\" class=\"so-panel widget widget_mtt-counter-banner panel-first-child panel-last-child\" data-index=\"1\" ><div\n\t\t\t\n\t\t\tclass=\"so-widget-mtt-counter-banner so-widget-mtt-counter-banner-base\"\n\t\t\t\n\t\t><div class=\"counter-banner\">\n\t<div class=\"counter-banner__background object-fit\">\n\t\t\t\t<img decoding=\"async\" src=\"https:\/\/wefri.dk\/wp-content\/uploads\/2018\/06\/DSC2466_BRANDS\u00d82.jpg\" alt=\"\">\n\t<\/div>\n\t<div class=\"counter-banner__overlay\"><\/div>\n\t<div class=\"counter-banner__inner counter-is-empty\">\n\t\t<div class=\"counter-banner__content dark-bg\">\n\t\t\t\t\t\t\t\t<h3>Ans\u00f8g om tur tilladelse<\/h3>\n\t\t\t\t<p>N\u00e5r det drejer sig om et motionsl\u00f8b eller anden organiseret f\u00e6rdsel (uanset antal af deltagere), bedes man kontakte Frijsenborg eller Wedellsborg godskontor gennem ans\u00f8gningsformularen.<\/p>\n<p>Til f\u00e6rdsel i <strong>Frijsenborg Park<\/strong> skal <strong>altid<\/strong> <strong>s\u00f8ges tilladelse p\u00e5 forh\u00e5nd\u00a0<\/strong>(uanset antal personer.)<\/p>\n<p>Se i \u00f8vrigt <strong><a href=\"http:\/\/naturstyrelsen.dk\/media\/nst\/Attachments\/naturen_maa_gerne.pdf\">www.naturstyrelsen.dk<\/a><\/strong> for yderligere information omkring adgangsregler i privat skov.<\/p>\n<p>I jagts\u00e6sonen (1. oktober til 31. januar) kan skoven v\u00e6re lukket p\u00e5 enkelte dage ved skiltning.<\/p>\n<p>Hvis du vil foresp\u00f8rge p\u00e5 en specifik dato i forbindelse med organiseret f\u00e6rdsel, kan man kontakte <strong>Frijsenborg Godskontor<\/strong><br \/>\np\u00e5 tlf. <strong><a href=\"tel:+4586961400\">8696 1400<\/a><\/strong> eller email <strong><a href=\"mailto:info@frijsenborg.dk\">info@frijsenborg.dk<\/a><\/strong><br \/>\neller\u00a0<strong>Wedellsborg Godskontor<\/strong> p\u00e5 tlf. <a href=\"tlf:+86961400\"><strong>86961400<\/strong><\/a> eller <strong><a href=\"mailto:info@wedellsborg.dk\">info@wedellsborg.dk<\/a><\/strong>.<\/p>\n<p>I alle \u00f8vrige situationer bedes du udfylde\u00a0formularen, hvorefter vi vurderer ans\u00f8gningen og pr. e-mail fremsender tilladelse eller afslag.<br \/>\nDer m\u00e5 p\u00e5regnes en ekspeditionstid p\u00e5 ca. 14 dage.<\/p>\n\t\t\t\t<a href=\"https:\/\/wefri.dk\/udforsk\/jagt-vaesen\/adgangsregler\/soeg-tilladelse\/\" class=\"button button--green-solid button--margin-right\">Ans\u00f8g<\/a>\n\t\t\t\t\t<\/div>\n\t\t\t\t\t<div class=\"counter-banner__testimonial dark-bg\">\n\t\t\t\t\t\t\t<\/div>\n\t\t\t<\/div>\n<\/div>\n<\/div><\/div><\/div><\/div><div id=\"pg-1554-2\"  class=\"panel-grid panel-no-style\" ><div id=\"pgc-1554-2-0\"  class=\"panel-grid-cell\" ><div id=\"panel-1554-2-0-0\" class=\"so-panel widget widget_mtt-text-wall panel-first-child panel-last-child\" data-index=\"2\" ><div\n\t\t\t\n\t\t\tclass=\"so-widget-mtt-text-wall so-widget-mtt-text-wall-base\"\n\t\t\t\n\t\t><div class=\"text-wall\">\n\t<div class=\"text-wall__inner\">\n\t\t<div class=\"text-wall__section text-wall__section--title\">\n\t\t\t\t\t\t\t\t<h2>Tag p\u00e5 tur i vores gr\u00f8nne skove<\/h2>\n\t\t\t\t\t\t<\/div>\n\t\t<div class=\"text-wall__section\">\n\t\t\t<p>Du og dine venner er mere end velkomne i vores skove\u00a0\u2013 vi \u00f8nsker blot, at I vil nyde naturen og passe lige s\u00e5 godt p\u00e5 den, som vi g\u00f8r.<\/p>\n<p>Vil du med p\u00e5 tur rundt i skovene, kan du finde sikavildt, kronvildt og vildsvin under hegn i Frijsenborgs skove.<\/p>\n<p>I Wedellsborgomr\u00e5det kan du derimod finde d\u00e5- og r\u00e5vildt.<\/p>\n\t\t<\/div>\n\t\t<div class=\"text-wall__section\">\n\t\t\t<p>Der er i alt\u00a046\u00a0 skove under Frijsenborg &amp; Wedellsborg.<\/p>\n<p>Opdelingen af\u00a0Skov- og Landbrug\u00a0er geografisk betinget, og skaber derved en fin afveksling n\u00e5r man er p\u00e5 tur gennem vores omr\u00e5der.<\/p>\n<p>\u00a0<\/p>\n\t\t<\/div>\n\t<\/div>\n<\/div><\/div><\/div><\/div><\/div><div id=\"pg-1554-3\"  class=\"panel-grid panel-no-style\" ><div id=\"pgc-1554-3-0\"  class=\"panel-grid-cell\" ><div id=\"panel-1554-3-0-0\" class=\"so-panel widget panel-first-child panel-last-child\" data-index=\"3\" ><\/div><\/div><\/div><\/div>","protected":false},"excerpt":{"rendered":"<p>I privatejede skove m\u00e5 du: &#8211; Opholde dig fra klokken 6 om morgenen og indtil solnedgang- Kun g\u00e5 p\u00e5 veje og stier \u2013 undtagen stier, der kun er trampet- Ikke sk\u00e6re eller klippe noget af tr\u00e6erne- Samle svampe, n\u00f8dder, b\u00e6r, fr\u00f8, kogler fra skovbunden, mos, lav, grene og kviste \u2013 dog kun det, du kan [&hellip;]<\/p>\n","protected":false},"author":1,"featured_media":2245,"parent":1549,"menu_order":0,"comment_status":"closed","ping_status":"closed","template":"\/templates\/page-templates\/minisite.php","meta":{"_acf_changed":false,"inline_featured_image":false,"footnotes":""},"class_list":["post-1554","page","type-page","status-publish","has-post-thumbnail","hentry"],"acf":[],"yoast_head":"<!-- This site is optimized with the Yoast SEO plugin v27.3 - https:\/\/yoast.com\/product\/yoast-seo-wordpress\/ -->\n<title>Rules of access - Wedellsborg<\/title>\n<meta name=\"robots\" content=\"index, follow, max-snippet:-1, max-image-preview:large, max-video-preview:-1\" \/>\n<link rel=\"canonical\" href=\"https:\/\/wefri.dk\/en\/explore\/hunting\/rules-access\/\" \/>\n<meta property=\"og:locale\" content=\"en_US\" \/>\n<meta property=\"og:type\" content=\"article\" \/>\n<meta property=\"og:title\" content=\"Rules of access - Wedellsborg\" \/>\n<meta property=\"og:description\" content=\"I privatejede skove m\u00e5 du: - Opholde dig fra klokken 6 om morgenen og indtil solnedgang- Kun g\u00e5 p\u00e5 veje og stier \u2013 undtagen stier, der kun er trampet- Ikke sk\u00e6re eller klippe noget af tr\u00e6erne- Samle svampe, n\u00f8dder, b\u00e6r, fr\u00f8, kogler fra skovbunden, mos, lav, grene og kviste \u2013 dog kun det, du kan [&hellip;]\" \/>\n<meta property=\"og:url\" content=\"https:\/\/wefri.dk\/en\/explore\/hunting\/rules-access\/\" \/>\n<meta property=\"og:site_name\" content=\"Wedellsborg\" \/>\n<meta property=\"article:modified_time\" content=\"2024-08-20T08:22:02+00:00\" \/>\n<meta property=\"og:image\" content=\"https:\/\/wefri.dk\/wp-content\/uploads\/2017\/07\/adgangsregler-skove-1.jpg\" \/>\n\t<meta property=\"og:image:width\" content=\"1920\" \/>\n\t<meta property=\"og:image:height\" content=\"600\" \/>\n\t<meta property=\"og:image:type\" content=\"image\/jpeg\" \/>\n<meta name=\"twitter:card\" content=\"summary_large_image\" \/>\n<script type=\"application\/ld+json\" class=\"yoast-schema-graph\">{\"@context\":\"https:\\\/\\\/schema.org\",\"@graph\":[{\"@type\":\"WebPage\",\"@id\":\"https:\\\/\\\/wefri.dk\\\/en\\\/explore\\\/hunting\\\/rules-access\\\/\",\"url\":\"https:\\\/\\\/wefri.dk\\\/en\\\/explore\\\/hunting\\\/rules-access\\\/\",\"name\":\"Rules of access - Wedellsborg\",\"isPartOf\":{\"@id\":\"https:\\\/\\\/wefri.dk\\\/#website\"},\"primaryImageOfPage\":{\"@id\":\"https:\\\/\\\/wefri.dk\\\/en\\\/explore\\\/hunting\\\/rules-access\\\/#primaryimage\"},\"image\":{\"@id\":\"https:\\\/\\\/wefri.dk\\\/en\\\/explore\\\/hunting\\\/rules-access\\\/#primaryimage\"},\"thumbnailUrl\":\"https:\\\/\\\/wefri.dk\\\/wp-content\\\/uploads\\\/2017\\\/07\\\/adgangsregler-skove-1.jpg\",\"datePublished\":\"2017-07-27T08:24:58+00:00\",\"dateModified\":\"2024-08-20T08:22:02+00:00\",\"breadcrumb\":{\"@id\":\"https:\\\/\\\/wefri.dk\\\/en\\\/explore\\\/hunting\\\/rules-access\\\/#breadcrumb\"},\"inLanguage\":\"en-US\",\"potentialAction\":[{\"@type\":\"ReadAction\",\"target\":[\"https:\\\/\\\/wefri.dk\\\/en\\\/explore\\\/hunting\\\/rules-access\\\/\"]}]},{\"@type\":\"ImageObject\",\"inLanguage\":\"en-US\",\"@id\":\"https:\\\/\\\/wefri.dk\\\/en\\\/explore\\\/hunting\\\/rules-access\\\/#primaryimage\",\"url\":\"https:\\\/\\\/wefri.dk\\\/wp-content\\\/uploads\\\/2017\\\/07\\\/adgangsregler-skove-1.jpg\",\"contentUrl\":\"https:\\\/\\\/wefri.dk\\\/wp-content\\\/uploads\\\/2017\\\/07\\\/adgangsregler-skove-1.jpg\",\"width\":1920,\"height\":600},{\"@type\":\"BreadcrumbList\",\"@id\":\"https:\\\/\\\/wefri.dk\\\/en\\\/explore\\\/hunting\\\/rules-access\\\/#breadcrumb\",\"itemListElement\":[{\"@type\":\"ListItem\",\"position\":1,\"name\":\"Home\",\"item\":\"https:\\\/\\\/wefri.dk\\\/en\\\/\"},{\"@type\":\"ListItem\",\"position\":2,\"name\":\"Explore\",\"item\":\"https:\\\/\\\/wefri.dk\\\/en\\\/explore\\\/\"},{\"@type\":\"ListItem\",\"position\":3,\"name\":\"Hunting\",\"item\":\"https:\\\/\\\/wefri.dk\\\/en\\\/explore\\\/hunting\\\/\"},{\"@type\":\"ListItem\",\"position\":4,\"name\":\"Rules of access\"}]},{\"@type\":\"WebSite\",\"@id\":\"https:\\\/\\\/wefri.dk\\\/#website\",\"url\":\"https:\\\/\\\/wefri.dk\\\/\",\"name\":\"Wedellsborg\",\"description\":\"Endnu en WordPress-blog\",\"potentialAction\":[{\"@type\":\"SearchAction\",\"target\":{\"@type\":\"EntryPoint\",\"urlTemplate\":\"https:\\\/\\\/wefri.dk\\\/?s={search_term_string}\"},\"query-input\":{\"@type\":\"PropertyValueSpecification\",\"valueRequired\":true,\"valueName\":\"search_term_string\"}}],\"inLanguage\":\"en-US\"}]}<\/script>\n<!-- \/ Yoast SEO plugin. -->","yoast_head_json":{"title":"Rules of access - Wedellsborg","robots":{"index":"index","follow":"follow","max-snippet":"max-snippet:-1","max-image-preview":"max-image-preview:large","max-video-preview":"max-video-preview:-1"},"canonical":"https:\/\/wefri.dk\/en\/explore\/hunting\/rules-access\/","og_locale":"en_US","og_type":"article","og_title":"Rules of access - Wedellsborg","og_description":"I privatejede skove m\u00e5 du: - Opholde dig fra klokken 6 om morgenen og indtil solnedgang- Kun g\u00e5 p\u00e5 veje og stier \u2013 undtagen stier, der kun er trampet- Ikke sk\u00e6re eller klippe noget af tr\u00e6erne- Samle svampe, n\u00f8dder, b\u00e6r, fr\u00f8, kogler fra skovbunden, mos, lav, grene og kviste \u2013 dog kun det, du kan [&hellip;]","og_url":"https:\/\/wefri.dk\/en\/explore\/hunting\/rules-access\/","og_site_name":"Wedellsborg","article_modified_time":"2024-08-20T08:22:02+00:00","og_image":[{"width":1920,"height":600,"url":"https:\/\/wefri.dk\/wp-content\/uploads\/2017\/07\/adgangsregler-skove-1.jpg","type":"image\/jpeg"}],"twitter_card":"summary_large_image","schema":{"@context":"https:\/\/schema.org","@graph":[{"@type":"WebPage","@id":"https:\/\/wefri.dk\/en\/explore\/hunting\/rules-access\/","url":"https:\/\/wefri.dk\/en\/explore\/hunting\/rules-access\/","name":"Rules of access - Wedellsborg","isPartOf":{"@id":"https:\/\/wefri.dk\/#website"},"primaryImageOfPage":{"@id":"https:\/\/wefri.dk\/en\/explore\/hunting\/rules-access\/#primaryimage"},"image":{"@id":"https:\/\/wefri.dk\/en\/explore\/hunting\/rules-access\/#primaryimage"},"thumbnailUrl":"https:\/\/wefri.dk\/wp-content\/uploads\/2017\/07\/adgangsregler-skove-1.jpg","datePublished":"2017-07-27T08:24:58+00:00","dateModified":"2024-08-20T08:22:02+00:00","breadcrumb":{"@id":"https:\/\/wefri.dk\/en\/explore\/hunting\/rules-access\/#breadcrumb"},"inLanguage":"en-US","potentialAction":[{"@type":"ReadAction","target":["https:\/\/wefri.dk\/en\/explore\/hunting\/rules-access\/"]}]},{"@type":"ImageObject","inLanguage":"en-US","@id":"https:\/\/wefri.dk\/en\/explore\/hunting\/rules-access\/#primaryimage","url":"https:\/\/wefri.dk\/wp-content\/uploads\/2017\/07\/adgangsregler-skove-1.jpg","contentUrl":"https:\/\/wefri.dk\/wp-content\/uploads\/2017\/07\/adgangsregler-skove-1.jpg","width":1920,"height":600},{"@type":"BreadcrumbList","@id":"https:\/\/wefri.dk\/en\/explore\/hunting\/rules-access\/#breadcrumb","itemListElement":[{"@type":"ListItem","position":1,"name":"Home","item":"https:\/\/wefri.dk\/en\/"},{"@type":"ListItem","position":2,"name":"Explore","item":"https:\/\/wefri.dk\/en\/explore\/"},{"@type":"ListItem","position":3,"name":"Hunting","item":"https:\/\/wefri.dk\/en\/explore\/hunting\/"},{"@type":"ListItem","position":4,"name":"Rules of access"}]},{"@type":"WebSite","@id":"https:\/\/wefri.dk\/#website","url":"https:\/\/wefri.dk\/","name":"Wedellsborg","description":"Endnu en WordPress-blog","potentialAction":[{"@type":"SearchAction","target":{"@type":"EntryPoint","urlTemplate":"https:\/\/wefri.dk\/?s={search_term_string}"},"query-input":{"@type":"PropertyValueSpecification","valueRequired":true,"valueName":"search_term_string"}}],"inLanguage":"en-US"}]}},"_links":{"self":[{"href":"https:\/\/wefri.dk\/en\/wp-json\/wp\/v2\/pages\/1554","targetHints":{"allow":["GET"]}}],"collection":[{"href":"https:\/\/wefri.dk\/en\/wp-json\/wp\/v2\/pages"}],"about":[{"href":"https:\/\/wefri.dk\/en\/wp-json\/wp\/v2\/types\/page"}],"author":[{"embeddable":true,"href":"https:\/\/wefri.dk\/en\/wp-json\/wp\/v2\/users\/1"}],"replies":[{"embeddable":true,"href":"https:\/\/wefri.dk\/en\/wp-json\/wp\/v2\/comments?post=1554"}],"version-history":[{"count":44,"href":"https:\/\/wefri.dk\/en\/wp-json\/wp\/v2\/pages\/1554\/revisions"}],"predecessor-version":[{"id":5696,"href":"https:\/\/wefri.dk\/en\/wp-json\/wp\/v2\/pages\/1554\/revisions\/5696"}],"up":[{"embeddable":true,"href":"https:\/\/wefri.dk\/en\/wp-json\/wp\/v2\/pages\/1549"}],"wp:featuredmedia":[{"embeddable":true,"href":"https:\/\/wefri.dk\/en\/wp-json\/wp\/v2\/media\/2245"}],"wp:attachment":[{"href":"https:\/\/wefri.dk\/en\/wp-json\/wp\/v2\/media?parent=1554"}],"curies":[{"name":"wp","href":"https:\/\/api.w.org\/{rel}","templated":true}]}}