{"id":1628,"date":"2017-07-03T13:46:59","date_gmt":"2017-07-03T11:46:59","guid":{"rendered":"https:\/\/wefri.dk\/husudlejning\/"},"modified":"2024-05-06T08:35:32","modified_gmt":"2024-05-06T06:35:32","slug":"residential-rental","status":"publish","type":"page","link":"https:\/\/wefri.dk\/en\/explore\/residential-rental\/","title":{"rendered":"Residential and warehouse rental"},"content":{"rendered":"<div id=\"pl-1628\"  class=\"panel-layout\" ><div id=\"pg-1628-0\"  class=\"panel-grid panel-no-style\" ><div id=\"pgc-1628-0-0\"  class=\"panel-grid-cell\" ><div id=\"panel-1628-0-0-0\" class=\"so-panel widget widget_mtt-counter-banner panel-first-child panel-last-child\" data-index=\"0\" ><div\n\t\t\t\n\t\t\tclass=\"so-widget-mtt-counter-banner so-widget-mtt-counter-banner-base\"\n\t\t\t\n\t\t><div class=\"counter-banner\">\n\t<div class=\"counter-banner__background object-fit\">\n\t\t\t\t<img decoding=\"async\" src=\"https:\/\/wefri.dk\/wp-content\/uploads\/2018\/06\/F\u00f8nsskov71.jpg\" alt=\"\">\n\t<\/div>\n\t<div class=\"counter-banner__overlay\"><\/div>\n\t<div class=\"counter-banner__inner\">\n\t\t<div class=\"counter-banner__content dark-bg\">\n\t\t\t\t\t\t\t\t<span class=\"counter-banner__subtitle\">Bolig- og lagerudlejning<\/span>\n\t\t\t\t\t\t\t\t<h1>Udlejning af Boliger<\/h1>\n\t\t\t\t<p>Frijsenborg og Wedellsborg udlejer boliger i natursk\u00f8nne omgivelser omkring godserne.<\/p>\n<p>Frijsenborg er placeret ved Hammel t\u00e6t p\u00e5 \u00c5rhus<\/p>\n<p>Wedellsborg t\u00e6t p\u00e5 Middelfart og trekantomr\u00e5det<\/p>\n\t\t\t\t<a href=\"https:\/\/wefri.dk\/kontakt\/\" class=\"button button--green-solid button--margin-right\">Kontakt<\/a>\n\t\t\t\t\t<\/div>\n\t\t\t\t\t\t<div class=\"counter-banner__counter element-tracker\">\n\t\t\t\t\t<ul>\n\t\t\t\t\t\t\t\t\t\t\t\t\t<li>\n\t\t\t\t\t\t\t\t\t\t\t\t\t\t\t\t\t<span class=\"the-value\">\n\t\t\t\t\t\t\t\t\t\t<span class=\"the-number\">86<\/span>\n\t\t\t\t\t\t\t\t\t\t\t\t\t\t\t\t\t\t\t<\/span>\n                                                                    \t\t\t\t\t\t\t\t\t<span>Boliger<\/span>\n\t\t\t\t\t\t\t\t\t\t\t\t\t\t\t\t\t<span>Wedellsborg<\/span>\n\t\t\t\t\t\t\t\t\t\t\t\t\t\t\t<\/li>\n\t\t\t\t\t\t\t\t\t\t\t\t\t<li>\n\t\t\t\t\t\t\t\t\t\t\t\t\t\t\t\t\t<span class=\"the-value\">\n\t\t\t\t\t\t\t\t\t\t<span class=\"the-number\">56<\/span>\n\t\t\t\t\t\t\t\t\t\t\t\t\t\t\t\t\t\t\t<\/span>\n                                                                    \t\t\t\t\t\t\t\t\t<span>Boliger<\/span>\n\t\t\t\t\t\t\t\t\t\t\t\t\t\t\t\t\t<span>Frijsenborg<\/span>\n\t\t\t\t\t\t\t\t\t\t\t\t\t\t\t<\/li>\n\t\t\t\t\t\t\t\t\t\t\t\t\t<li>\n\t\t\t\t\t\t\t\t\t\t\t\t\t\t\t\t\t<span class=\"the-value\">\n\t\t\t\t\t\t\t\t\t\t<span class=\"the-number\">142<\/span>\n\t\t\t\t\t\t\t\t\t\t\t\t\t\t\t\t\t\t\t<\/span>\n                                                                    \t\t\t\t\t\t\t\t\t<span>Boliger<\/span>\n\t\t\t\t\t\t\t\t\t\t\t\t\t\t\t\t\t<span>Antal boliger i alt<\/span>\n\t\t\t\t\t\t\t\t\t\t\t\t\t\t\t<\/li>\n\t\t\t\t\t\t\t\t\t\t\t<\/ul>\n\t\t\t\t<\/div>\n\t\t\t<\/div>\n<\/div>\n<\/div><\/div><\/div><\/div><div id=\"pg-1628-1\"  class=\"panel-grid panel-no-style\" ><div id=\"pgc-1628-1-0\"  class=\"panel-grid-cell\" ><div id=\"panel-1628-1-0-0\" class=\"so-panel widget widget_mtt-media-banner panel-first-child panel-last-child\" data-index=\"1\" ><div\n\t\t\t\n\t\t\tclass=\"so-widget-mtt-media-banner so-widget-mtt-media-banner-base\"\n\t\t\t\n\t\t><div class=\"media-banner\">\n\t<div class=\"media-banner__inner\">\n\t\t<div class=\"media-banner__item\">\n\t\t\t<div class=\"item-inner\">\n\t\t\t\t\t\t\t\t\t\t<h3>Lej en bolig<\/h3>\n\t\t\t\t\t\t\t\t<\/div>\n\t\t<\/div>\n\t\t<div class=\"media-banner__item\">\n\t\t\t<div class=\"item-inner\">\n\t\t\t\t<p>Frijsenborgs og Wedellsborgs har mere end 142 boliger til udlejning.<\/p>\n<p>Husene har tydligere karaktertr\u00e6k fra godsernes lange historie og er mange steder opvarmet med halm fra godset egne halmfyr.<\/p>\n<p>Kontakt Frijsenborg kontor for yderligere information eller bolig@frijsenborg.dk -\u00a0 her er der mulighed for at blive skrevet op p\u00e5 venteliste.<\/p>\n\t\t\t<\/div>\n\t\t<\/div>\n\t\t\t<\/div>\n<\/div>\n<\/div><\/div><\/div><\/div><div id=\"pg-1628-2\"  class=\"panel-grid panel-no-style\" ><div id=\"pgc-1628-2-0\"  class=\"panel-grid-cell\" ><div id=\"panel-1628-2-0-0\" class=\"so-panel widget widget_mtt-counter-banner panel-first-child panel-last-child\" data-index=\"2\" ><div\n\t\t\t\n\t\t\tclass=\"so-widget-mtt-counter-banner so-widget-mtt-counter-banner-base\"\n\t\t\t\n\t\t><div class=\"counter-banner\">\n\t<div class=\"counter-banner__background object-fit\">\n\t\t\t\t<img decoding=\"async\" src=\"https:\/\/wefri.dk\/wp-content\/uploads\/2018\/06\/Billeskov.jpg\" alt=\"\">\n\t<\/div>\n\t<div class=\"counter-banner__overlay\"><\/div>\n\t<div class=\"counter-banner__inner counter-is-empty\">\n\t\t<div class=\"counter-banner__content dark-bg\">\n\t\t\t\t\t\t\t\t<h3>Billeskov<\/h3>\n\t\t\t\t\t\t\t\t\t<span class=\"counter-banner__subtitle counter-banner__subtitle--under\">Lejligheder i natursk\u00f8nne omgivelser p\u00e5 Fyn<\/span>\n\t\t\t<p>Den gamle Herreg\u00e5rd Billeskov er blevet renoveret og skal nu danne rammerne for et nyt seniorf\u00e6llesskab.<\/p>\n<p>F\u00e6llesskabet best\u00e5r af 9 totalrenoverede lejligheder i forskellige st\u00f8rrelser, som vil v\u00e6re klar l\u00f8bende fra 1. maj 2024.<\/p>\n<p>Alt information og kontakt vedr\u00f8rende lejlighederne g\u00e5r gennem boligportalen.<\/p>\n\t\t\t\t<a href=\"https:\/\/www.boligportal.dk\/lejeboliger\/aarup\/alle-v%C3%A6relser\/billeskov\/\" class=\"button button--green-solid button--margin-right\">Find lejlighederne p\u00e5 Boligportalen<\/a>\n\t\t\t\t\t<\/div>\n\t\t\t<\/div>\n<\/div>\n<\/div><\/div><\/div><\/div><div id=\"pg-1628-3\"  class=\"panel-grid panel-no-style\" ><div id=\"pgc-1628-3-0\"  class=\"panel-grid-cell\" ><div id=\"panel-1628-3-0-0\" class=\"so-panel widget panel-first-child panel-last-child\" data-index=\"3\" ><\/div><\/div><\/div><div id=\"pg-1628-4\"  class=\"panel-grid panel-no-style\" ><div id=\"pgc-1628-4-0\"  class=\"panel-grid-cell\" ><div id=\"panel-1628-4-0-0\" class=\"so-panel widget widget_mtt-counter-banner panel-first-child panel-last-child\" data-index=\"4\" ><div\n\t\t\t\n\t\t\tclass=\"so-widget-mtt-counter-banner so-widget-mtt-counter-banner-base\"\n\t\t\t\n\t\t><div class=\"counter-banner\">\n\t<div class=\"counter-banner__background object-fit\">\n\t\t\t\t<img decoding=\"async\" src=\"https:\/\/wefri.dk\/wp-content\/uploads\/2018\/06\/DSC0856_2_1920x1080_2.jpg\" alt=\"\">\n\t<\/div>\n\t<div class=\"counter-banner__overlay\"><\/div>\n\t<div class=\"counter-banner__inner counter-is-empty\">\n\t\t<div class=\"counter-banner__content dark-bg\">\n\t\t\t\t\t\t\t\t<h2>Vi lejer vores tomme <br \/>lagerbygninger ud<\/h2>\n\t\t\t\t<p>Har du noget udstyr st\u00e5ende, som du gerne vil have opbevaret i l\u00e6 for regn og vind?<\/p>\n<p>Hos Frijsenborg og Wedellsborg har vi med mellemrum tomme lagerbygninger, som vi lejer ud til form\u00e5let.<\/p>\n<p>Er du interesseret? S\u00e5 kontakt os\u00a0for at h\u00f8re\u00a0hvilke muligheder der er i \u00f8jeblikket.<\/p>\n\t\t<\/div>\n\t\t\t\t\t\t<div class=\"counter-banner__counter element-tracker\">\n\t\t\t\t\t<ul>\n\t\t\t\t\t\t\t\t\t\t\t\t\t<li>\n\t\t\t\t\t\t\t\t\t\t\t\t\t\t\t<\/li>\n\t\t\t\t\t\t\t\t\t\t\t\t\t<li>\n\t\t\t\t\t\t\t\t\t\t\t\t\t\t\t<\/li>\n\t\t\t\t\t\t\t\t\t\t\t\t\t<li>\n\t\t\t\t\t\t\t\t\t\t\t\t\t\t\t<\/li>\n\t\t\t\t\t\t\t\t\t\t\t<\/ul>\n\t\t\t\t<\/div>\n\t\t\t<\/div>\n<\/div>\n<\/div><\/div><\/div><\/div><\/div>","protected":false},"excerpt":{"rendered":"<p>Bolig- og lagerudlejning Udlejning af Boliger Frijsenborg og Wedellsborg udlejer boliger i natursk\u00f8nne omgivelser omkring godserne. Frijsenborg er placeret ved Hammel t\u00e6t p\u00e5 \u00c5rhus Wedellsborg t\u00e6t p\u00e5 Middelfart og trekantomr\u00e5det Kontakt 86 Boliger Wedellsborg 56 Boliger Frijsenborg 142 Boliger Antal boliger i alt Lej en bolig Frijsenborgs og Wedellsborgs har mere end 142 boliger til [&hellip;]<\/p>\n","protected":false},"author":1,"featured_media":0,"parent":1688,"menu_order":0,"comment_status":"closed","ping_status":"closed","template":"","meta":{"_acf_changed":false,"inline_featured_image":false,"footnotes":""},"class_list":["post-1628","page","type-page","status-publish","hentry"],"acf":[],"yoast_head":"<!-- This site is optimized with the Yoast SEO plugin v27.3 - https:\/\/yoast.com\/product\/yoast-seo-wordpress\/ -->\n<title>Residential and warehouse rental - Wedellsborg<\/title>\n<meta name=\"robots\" content=\"index, follow, max-snippet:-1, max-image-preview:large, max-video-preview:-1\" \/>\n<link rel=\"canonical\" href=\"https:\/\/wefri.dk\/en\/explore\/residential-rental\/\" \/>\n<meta property=\"og:locale\" content=\"en_US\" \/>\n<meta property=\"og:type\" content=\"article\" \/>\n<meta property=\"og:title\" content=\"Residential and warehouse rental - Wedellsborg\" \/>\n<meta property=\"og:description\" content=\"Bolig- og lagerudlejning Udlejning af Boliger Frijsenborg og Wedellsborg udlejer boliger i natursk\u00f8nne omgivelser omkring godserne. Frijsenborg er placeret ved Hammel t\u00e6t p\u00e5 \u00c5rhus Wedellsborg t\u00e6t p\u00e5 Middelfart og trekantomr\u00e5det Kontakt 86 Boliger Wedellsborg 56 Boliger Frijsenborg 142 Boliger Antal boliger i alt Lej en bolig Frijsenborgs og Wedellsborgs har mere end 142 boliger til [&hellip;]\" \/>\n<meta property=\"og:url\" content=\"https:\/\/wefri.dk\/en\/explore\/residential-rental\/\" \/>\n<meta property=\"og:site_name\" content=\"Wedellsborg\" \/>\n<meta property=\"article:modified_time\" content=\"2024-05-06T06:35:32+00:00\" \/>\n<meta name=\"twitter:card\" content=\"summary_large_image\" \/>\n<script type=\"application\/ld+json\" class=\"yoast-schema-graph\">{\"@context\":\"https:\\\/\\\/schema.org\",\"@graph\":[{\"@type\":\"WebPage\",\"@id\":\"https:\\\/\\\/wefri.dk\\\/en\\\/explore\\\/residential-rental\\\/\",\"url\":\"https:\\\/\\\/wefri.dk\\\/en\\\/explore\\\/residential-rental\\\/\",\"name\":\"Residential and warehouse rental - Wedellsborg\",\"isPartOf\":{\"@id\":\"https:\\\/\\\/wefri.dk\\\/#website\"},\"datePublished\":\"2017-07-03T11:46:59+00:00\",\"dateModified\":\"2024-05-06T06:35:32+00:00\",\"breadcrumb\":{\"@id\":\"https:\\\/\\\/wefri.dk\\\/en\\\/explore\\\/residential-rental\\\/#breadcrumb\"},\"inLanguage\":\"en-US\",\"potentialAction\":[{\"@type\":\"ReadAction\",\"target\":[\"https:\\\/\\\/wefri.dk\\\/en\\\/explore\\\/residential-rental\\\/\"]}]},{\"@type\":\"BreadcrumbList\",\"@id\":\"https:\\\/\\\/wefri.dk\\\/en\\\/explore\\\/residential-rental\\\/#breadcrumb\",\"itemListElement\":[{\"@type\":\"ListItem\",\"position\":1,\"name\":\"Home\",\"item\":\"https:\\\/\\\/wefri.dk\\\/en\\\/\"},{\"@type\":\"ListItem\",\"position\":2,\"name\":\"Explore\",\"item\":\"https:\\\/\\\/wefri.dk\\\/en\\\/explore\\\/\"},{\"@type\":\"ListItem\",\"position\":3,\"name\":\"Residential and warehouse rental\"}]},{\"@type\":\"WebSite\",\"@id\":\"https:\\\/\\\/wefri.dk\\\/#website\",\"url\":\"https:\\\/\\\/wefri.dk\\\/\",\"name\":\"Wedellsborg\",\"description\":\"Endnu en WordPress-blog\",\"potentialAction\":[{\"@type\":\"SearchAction\",\"target\":{\"@type\":\"EntryPoint\",\"urlTemplate\":\"https:\\\/\\\/wefri.dk\\\/?s={search_term_string}\"},\"query-input\":{\"@type\":\"PropertyValueSpecification\",\"valueRequired\":true,\"valueName\":\"search_term_string\"}}],\"inLanguage\":\"en-US\"}]}<\/script>\n<!-- \/ Yoast SEO plugin. -->","yoast_head_json":{"title":"Residential and warehouse rental - Wedellsborg","robots":{"index":"index","follow":"follow","max-snippet":"max-snippet:-1","max-image-preview":"max-image-preview:large","max-video-preview":"max-video-preview:-1"},"canonical":"https:\/\/wefri.dk\/en\/explore\/residential-rental\/","og_locale":"en_US","og_type":"article","og_title":"Residential and warehouse rental - Wedellsborg","og_description":"Bolig- og lagerudlejning Udlejning af Boliger Frijsenborg og Wedellsborg udlejer boliger i natursk\u00f8nne omgivelser omkring godserne. Frijsenborg er placeret ved Hammel t\u00e6t p\u00e5 \u00c5rhus Wedellsborg t\u00e6t p\u00e5 Middelfart og trekantomr\u00e5det Kontakt 86 Boliger Wedellsborg 56 Boliger Frijsenborg 142 Boliger Antal boliger i alt Lej en bolig Frijsenborgs og Wedellsborgs har mere end 142 boliger til [&hellip;]","og_url":"https:\/\/wefri.dk\/en\/explore\/residential-rental\/","og_site_name":"Wedellsborg","article_modified_time":"2024-05-06T06:35:32+00:00","twitter_card":"summary_large_image","schema":{"@context":"https:\/\/schema.org","@graph":[{"@type":"WebPage","@id":"https:\/\/wefri.dk\/en\/explore\/residential-rental\/","url":"https:\/\/wefri.dk\/en\/explore\/residential-rental\/","name":"Residential and warehouse rental - Wedellsborg","isPartOf":{"@id":"https:\/\/wefri.dk\/#website"},"datePublished":"2017-07-03T11:46:59+00:00","dateModified":"2024-05-06T06:35:32+00:00","breadcrumb":{"@id":"https:\/\/wefri.dk\/en\/explore\/residential-rental\/#breadcrumb"},"inLanguage":"en-US","potentialAction":[{"@type":"ReadAction","target":["https:\/\/wefri.dk\/en\/explore\/residential-rental\/"]}]},{"@type":"BreadcrumbList","@id":"https:\/\/wefri.dk\/en\/explore\/residential-rental\/#breadcrumb","itemListElement":[{"@type":"ListItem","position":1,"name":"Home","item":"https:\/\/wefri.dk\/en\/"},{"@type":"ListItem","position":2,"name":"Explore","item":"https:\/\/wefri.dk\/en\/explore\/"},{"@type":"ListItem","position":3,"name":"Residential and warehouse rental"}]},{"@type":"WebSite","@id":"https:\/\/wefri.dk\/#website","url":"https:\/\/wefri.dk\/","name":"Wedellsborg","description":"Endnu en WordPress-blog","potentialAction":[{"@type":"SearchAction","target":{"@type":"EntryPoint","urlTemplate":"https:\/\/wefri.dk\/?s={search_term_string}"},"query-input":{"@type":"PropertyValueSpecification","valueRequired":true,"valueName":"search_term_string"}}],"inLanguage":"en-US"}]}},"_links":{"self":[{"href":"https:\/\/wefri.dk\/en\/wp-json\/wp\/v2\/pages\/1628","targetHints":{"allow":["GET"]}}],"collection":[{"href":"https:\/\/wefri.dk\/en\/wp-json\/wp\/v2\/pages"}],"about":[{"href":"https:\/\/wefri.dk\/en\/wp-json\/wp\/v2\/types\/page"}],"author":[{"embeddable":true,"href":"https:\/\/wefri.dk\/en\/wp-json\/wp\/v2\/users\/1"}],"replies":[{"embeddable":true,"href":"https:\/\/wefri.dk\/en\/wp-json\/wp\/v2\/comments?post=1628"}],"version-history":[{"count":45,"href":"https:\/\/wefri.dk\/en\/wp-json\/wp\/v2\/pages\/1628\/revisions"}],"predecessor-version":[{"id":5682,"href":"https:\/\/wefri.dk\/en\/wp-json\/wp\/v2\/pages\/1628\/revisions\/5682"}],"up":[{"embeddable":true,"href":"https:\/\/wefri.dk\/en\/wp-json\/wp\/v2\/pages\/1688"}],"wp:attachment":[{"href":"https:\/\/wefri.dk\/en\/wp-json\/wp\/v2\/media?parent=1628"}],"curies":[{"name":"wp","href":"https:\/\/api.w.org\/{rel}","templated":true}]}}