{"id":2688,"date":"2018-02-05T10:36:01","date_gmt":"2018-02-05T09:36:01","guid":{"rendered":"https:\/\/wefri.dk\/explore\/hunting\/rules-access\/soeg-tilladelse\/"},"modified":"2018-07-12T09:03:54","modified_gmt":"2018-07-12T07:03:54","slug":"apply","status":"publish","type":"page","link":"https:\/\/wefri.dk\/en\/explore\/hunting\/rules-access\/apply\/","title":{"rendered":"Apply for permission"},"content":{"rendered":"<div id=\"pl-2688\"  class=\"panel-layout\" ><div id=\"pg-2688-0\"  class=\"panel-grid panel-no-style\" ><div id=\"pgc-2688-0-0\"  class=\"panel-grid-cell\" ><div id=\"panel-2688-0-0-0\" class=\"so-panel widget widget_mtt-shortcode-text panel-first-child panel-last-child\" data-index=\"0\" ><div\n\t\t\t\n\t\t\tclass=\"so-widget-mtt-shortcode-text so-widget-mtt-shortcode-text-base\"\n\t\t\t\n\t\t><div class=\"shortcode-text\">\n\n\t<div class=\"shortcode-text__inner\">\n\n\t\t\n\t\t<div class=\"shortcode-text__code full-width\">\n\n\t\t\t\t\t\t\t\t<h3>Apply for permission<\/h3>\n\t\t\t\t\t\t\t\n<div class=\"wpcf7 no-js\" id=\"wpcf7-f2693-o1\" lang=\"da-DK\" dir=\"ltr\" data-wpcf7-id=\"2693\">\n<div class=\"screen-reader-response\"><p role=\"status\" aria-live=\"polite\" aria-atomic=\"true\"><\/p> <ul><\/ul><\/div>\n<form action=\"\/en\/wp-json\/wp\/v2\/pages\/2688#wpcf7-f2693-o1\" method=\"post\" class=\"wpcf7-form init\" aria-label=\"Kontaktformular\" novalidate=\"novalidate\" data-status=\"init\">\n<div style=\"display: none;\">\n<input type=\"hidden\" name=\"_wpcf7\" value=\"2693\" \/>\n<input type=\"hidden\" name=\"_wpcf7_version\" value=\"6.0.6\" \/>\n<input type=\"hidden\" name=\"_wpcf7_locale\" value=\"da_DK\" \/>\n<input type=\"hidden\" name=\"_wpcf7_unit_tag\" value=\"wpcf7-f2693-o1\" \/>\n<input type=\"hidden\" name=\"_wpcf7_container_post\" value=\"0\" \/>\n<input type=\"hidden\" name=\"_wpcf7_posted_data_hash\" value=\"\" \/>\n<input type=\"hidden\" name=\"_wpcf7_recaptcha_response\" value=\"\" \/>\n<\/div>\n<p><label> Name<br \/>\n<span class=\"wpcf7-form-control-wrap\" data-name=\"fullname\"><input size=\"40\" maxlength=\"400\" class=\"wpcf7-form-control wpcf7-text wpcf7-validates-as-required\" aria-required=\"true\" aria-invalid=\"false\" value=\"\" type=\"text\" name=\"fullname\" \/><\/span> <\/label>\n<\/p>\n<p><label> Address<br \/>\n<span class=\"wpcf7-form-control-wrap\" data-name=\"address\"><input size=\"40\" maxlength=\"400\" class=\"wpcf7-form-control wpcf7-text wpcf7-validates-as-required\" aria-required=\"true\" aria-invalid=\"false\" value=\"\" type=\"text\" name=\"address\" \/><\/span> <\/label>\n<\/p>\n<p><label> Zipcode<br \/>\n<span class=\"wpcf7-form-control-wrap\" data-name=\"zipcode\"><input class=\"wpcf7-form-control wpcf7-number wpcf7-validates-as-required wpcf7-validates-as-number\" aria-required=\"true\" aria-invalid=\"false\" value=\"\" type=\"number\" name=\"zipcode\" \/><\/span> <\/label>\n<\/p>\n<p><label> City<br \/>\n<span class=\"wpcf7-form-control-wrap\" data-name=\"city\"><input size=\"40\" maxlength=\"400\" class=\"wpcf7-form-control wpcf7-text wpcf7-validates-as-required\" aria-required=\"true\" aria-invalid=\"false\" value=\"\" type=\"text\" name=\"city\" \/><\/span> <\/label>\n<\/p>\n<p><label> E-mail<br \/>\n<span class=\"wpcf7-form-control-wrap\" data-name=\"email\"><input size=\"40\" maxlength=\"400\" class=\"wpcf7-form-control wpcf7-email wpcf7-validates-as-required wpcf7-text wpcf7-validates-as-email\" aria-required=\"true\" aria-invalid=\"false\" value=\"\" type=\"email\" name=\"email\" \/><\/span> <\/label>\n<\/p>\n<p><label> Place<br \/>\n<span class=\"wpcf7-form-control-wrap\" data-name=\"place\"><select class=\"wpcf7-form-control wpcf7-select wpcf7-validates-as-required\" aria-required=\"true\" aria-invalid=\"false\" name=\"place\"><option value=\"Frijsenborg\">Frijsenborg<\/option><option value=\"Wedellsborg\">Wedellsborg<\/option><\/select><\/span> <\/label>\n<\/p>\n<p><label> Arrangement<br \/>\n<span class=\"wpcf7-form-control-wrap\" data-name=\"arrangement\"><select class=\"wpcf7-form-control wpcf7-select wpcf7-validates-as-required\" aria-required=\"true\" aria-invalid=\"false\" name=\"arrangement\"><option value=\"Motion \/ March (skoler)\">Motion \/ March (skoler)<\/option><option value=\"Motion \/ March (andre)\">Motion \/ March (andre)<\/option><option value=\"Cykeltur\">Cykeltur<\/option><option value=\"Orienteringsl\u00f8b\">Orienteringsl\u00f8b<\/option><option value=\"Spejdere\">Spejdere<\/option><option value=\"K\u00f8rsel i bil\">K\u00f8rsel i bil<\/option><option value=\"Ark\u00e6ologi, historie, ornitologi eller botanik\">Ark\u00e6ologi, historie, ornitologi eller botanik<\/option><option value=\"Ekskursioner\">Ekskursioner<\/option><option value=\"Svampeture\">Svampeture<\/option><option value=\"Hundetr\u00e6ning\">Hundetr\u00e6ning<\/option><option value=\"General tilladelse (naturhistorisk o.l.)\">General tilladelse (naturhistorisk o.l.)<\/option><option value=\"Generelle tilladelser (skoler o.l.)\">Generelle tilladelser (skoler o.l.)<\/option><\/select><\/span> <\/label>\n<\/p>\n<p><label> Date<br \/>\n<span class=\"wpcf7-form-control-wrap\" data-name=\"date\"><input class=\"wpcf7-form-control wpcf7-date wpcf7-validates-as-required wpcf7-validates-as-date required\" min=\"2026-04-21\" max=\"2027-04-21\" step=\"1\" aria-required=\"true\" aria-invalid=\"false\" value=\"Date\" type=\"date\" name=\"date\" \/><\/span> <\/label>\n<\/p>\n<p><label> Time<br \/>\n<span class=\"wpcf7-form-control-wrap\" data-name=\"time\"><input size=\"40\" maxlength=\"400\" class=\"wpcf7-form-control wpcf7-text wpcf7-validates-as-required\" aria-required=\"true\" aria-invalid=\"false\" value=\"\" type=\"text\" name=\"time\" \/><\/span> <\/label>\n<\/p>\n<p><label> Number of participants<br \/>\n<span class=\"wpcf7-form-control-wrap\" data-name=\"persons\"><input class=\"wpcf7-form-control wpcf7-number wpcf7-validates-as-required wpcf7-validates-as-number\" aria-required=\"true\" aria-invalid=\"false\" value=\"\" type=\"number\" name=\"persons\" \/><\/span> <\/label>\n<\/p>\n<p><label> Area, specify route<br \/>\n<span class=\"wpcf7-form-control-wrap\" data-name=\"area\"><textarea cols=\"40\" rows=\"10\" maxlength=\"2000\" class=\"wpcf7-form-control wpcf7-textarea wpcf7-validates-as-required\" aria-required=\"true\" aria-invalid=\"false\" name=\"area\"><\/textarea><\/span> <\/label>\n<\/p>\n<p><label> Other comments<br \/>\n<span class=\"wpcf7-form-control-wrap\" data-name=\"other\"><textarea cols=\"40\" rows=\"10\" maxlength=\"2000\" class=\"wpcf7-form-control wpcf7-textarea wpcf7-validates-as-required\" aria-required=\"true\" aria-invalid=\"false\" name=\"other\"><\/textarea><\/span> <\/label>\n<\/p>\n<p><button id='submit' class='wpcf7-form-control wpcf7-submit button button--green-solid'>Apply<\/button>\n<\/p><div class=\"wpcf7-response-output\" aria-hidden=\"true\"><\/div>\n<\/form>\n<\/div>\n\t\t<\/div>\n\n\t<\/div>\n\t\t\n<\/div><\/div><\/div><\/div><\/div><\/div>","protected":false},"excerpt":{"rendered":"<p>Apply for permission Name Address Zipcode City E-mail Place FrijsenborgWedellsborg Arrangement Motion \/ March (skoler)Motion \/ March (andre)CykelturOrienteringsl\u00f8bSpejdereK\u00f8rsel i bilArk\u00e6ologi, historie, ornitologi eller botanikEkskursionerSvampetureHundetr\u00e6ningGeneral tilladelse (naturhistorisk o.l.)Generelle tilladelser (skoler o.l.) Date Time Number of participants Area, specify route Other comments Apply<\/p>\n","protected":false},"author":1,"featured_media":0,"parent":1554,"menu_order":0,"comment_status":"closed","ping_status":"closed","template":"","meta":{"_acf_changed":false,"inline_featured_image":false,"footnotes":""},"class_list":["post-2688","page","type-page","status-publish","hentry"],"acf":[],"yoast_head":"<!-- This site is optimized with the Yoast SEO plugin v27.3 - https:\/\/yoast.com\/product\/yoast-seo-wordpress\/ -->\n<title>Apply for permission - Wedellsborg<\/title>\n<meta name=\"robots\" content=\"index, follow, max-snippet:-1, max-image-preview:large, max-video-preview:-1\" \/>\n<link rel=\"canonical\" href=\"https:\/\/wefri.dk\/en\/explore\/hunting\/rules-access\/apply\/\" \/>\n<meta property=\"og:locale\" content=\"en_US\" \/>\n<meta property=\"og:type\" content=\"article\" \/>\n<meta property=\"og:title\" content=\"Apply for permission - Wedellsborg\" \/>\n<meta property=\"og:description\" content=\"Apply for permission Name Address Zipcode City E-mail Place FrijsenborgWedellsborg Arrangement Motion \/ March (skoler)Motion \/ March (andre)CykelturOrienteringsl\u00f8bSpejdereK\u00f8rsel i bilArk\u00e6ologi, historie, ornitologi eller botanikEkskursionerSvampetureHundetr\u00e6ningGeneral tilladelse (naturhistorisk o.l.)Generelle tilladelser (skoler o.l.) Date Time Number of participants Area, specify route Other comments Apply\" \/>\n<meta property=\"og:url\" content=\"https:\/\/wefri.dk\/en\/explore\/hunting\/rules-access\/apply\/\" \/>\n<meta property=\"og:site_name\" content=\"Wedellsborg\" \/>\n<meta property=\"article:modified_time\" content=\"2018-07-12T07:03:54+00:00\" \/>\n<meta name=\"twitter:card\" content=\"summary_large_image\" \/>\n<script type=\"application\/ld+json\" class=\"yoast-schema-graph\">{\"@context\":\"https:\\\/\\\/schema.org\",\"@graph\":[{\"@type\":\"WebPage\",\"@id\":\"https:\\\/\\\/wefri.dk\\\/en\\\/explore\\\/hunting\\\/rules-access\\\/apply\\\/\",\"url\":\"https:\\\/\\\/wefri.dk\\\/en\\\/explore\\\/hunting\\\/rules-access\\\/apply\\\/\",\"name\":\"Apply for permission - Wedellsborg\",\"isPartOf\":{\"@id\":\"https:\\\/\\\/wefri.dk\\\/#website\"},\"datePublished\":\"2018-02-05T09:36:01+00:00\",\"dateModified\":\"2018-07-12T07:03:54+00:00\",\"breadcrumb\":{\"@id\":\"https:\\\/\\\/wefri.dk\\\/en\\\/explore\\\/hunting\\\/rules-access\\\/apply\\\/#breadcrumb\"},\"inLanguage\":\"en-US\",\"potentialAction\":[{\"@type\":\"ReadAction\",\"target\":[\"https:\\\/\\\/wefri.dk\\\/en\\\/explore\\\/hunting\\\/rules-access\\\/apply\\\/\"]}]},{\"@type\":\"BreadcrumbList\",\"@id\":\"https:\\\/\\\/wefri.dk\\\/en\\\/explore\\\/hunting\\\/rules-access\\\/apply\\\/#breadcrumb\",\"itemListElement\":[{\"@type\":\"ListItem\",\"position\":1,\"name\":\"Home\",\"item\":\"https:\\\/\\\/wefri.dk\\\/en\\\/\"},{\"@type\":\"ListItem\",\"position\":2,\"name\":\"Explore\",\"item\":\"https:\\\/\\\/wefri.dk\\\/en\\\/explore\\\/\"},{\"@type\":\"ListItem\",\"position\":3,\"name\":\"Hunting\",\"item\":\"https:\\\/\\\/wefri.dk\\\/en\\\/explore\\\/hunting\\\/\"},{\"@type\":\"ListItem\",\"position\":4,\"name\":\"Rules of access\",\"item\":\"https:\\\/\\\/wefri.dk\\\/en\\\/explore\\\/hunting\\\/rules-access\\\/\"},{\"@type\":\"ListItem\",\"position\":5,\"name\":\"Apply for permission\"}]},{\"@type\":\"WebSite\",\"@id\":\"https:\\\/\\\/wefri.dk\\\/#website\",\"url\":\"https:\\\/\\\/wefri.dk\\\/\",\"name\":\"Wedellsborg\",\"description\":\"Endnu en WordPress-blog\",\"potentialAction\":[{\"@type\":\"SearchAction\",\"target\":{\"@type\":\"EntryPoint\",\"urlTemplate\":\"https:\\\/\\\/wefri.dk\\\/?s={search_term_string}\"},\"query-input\":{\"@type\":\"PropertyValueSpecification\",\"valueRequired\":true,\"valueName\":\"search_term_string\"}}],\"inLanguage\":\"en-US\"}]}<\/script>\n<!-- \/ Yoast SEO plugin. -->","yoast_head_json":{"title":"Apply for permission - Wedellsborg","robots":{"index":"index","follow":"follow","max-snippet":"max-snippet:-1","max-image-preview":"max-image-preview:large","max-video-preview":"max-video-preview:-1"},"canonical":"https:\/\/wefri.dk\/en\/explore\/hunting\/rules-access\/apply\/","og_locale":"en_US","og_type":"article","og_title":"Apply for permission - Wedellsborg","og_description":"Apply for permission Name Address Zipcode City E-mail Place FrijsenborgWedellsborg Arrangement Motion \/ March (skoler)Motion \/ March (andre)CykelturOrienteringsl\u00f8bSpejdereK\u00f8rsel i bilArk\u00e6ologi, historie, ornitologi eller botanikEkskursionerSvampetureHundetr\u00e6ningGeneral tilladelse (naturhistorisk o.l.)Generelle tilladelser (skoler o.l.) Date Time Number of participants Area, specify route Other comments Apply","og_url":"https:\/\/wefri.dk\/en\/explore\/hunting\/rules-access\/apply\/","og_site_name":"Wedellsborg","article_modified_time":"2018-07-12T07:03:54+00:00","twitter_card":"summary_large_image","schema":{"@context":"https:\/\/schema.org","@graph":[{"@type":"WebPage","@id":"https:\/\/wefri.dk\/en\/explore\/hunting\/rules-access\/apply\/","url":"https:\/\/wefri.dk\/en\/explore\/hunting\/rules-access\/apply\/","name":"Apply for permission - Wedellsborg","isPartOf":{"@id":"https:\/\/wefri.dk\/#website"},"datePublished":"2018-02-05T09:36:01+00:00","dateModified":"2018-07-12T07:03:54+00:00","breadcrumb":{"@id":"https:\/\/wefri.dk\/en\/explore\/hunting\/rules-access\/apply\/#breadcrumb"},"inLanguage":"en-US","potentialAction":[{"@type":"ReadAction","target":["https:\/\/wefri.dk\/en\/explore\/hunting\/rules-access\/apply\/"]}]},{"@type":"BreadcrumbList","@id":"https:\/\/wefri.dk\/en\/explore\/hunting\/rules-access\/apply\/#breadcrumb","itemListElement":[{"@type":"ListItem","position":1,"name":"Home","item":"https:\/\/wefri.dk\/en\/"},{"@type":"ListItem","position":2,"name":"Explore","item":"https:\/\/wefri.dk\/en\/explore\/"},{"@type":"ListItem","position":3,"name":"Hunting","item":"https:\/\/wefri.dk\/en\/explore\/hunting\/"},{"@type":"ListItem","position":4,"name":"Rules of access","item":"https:\/\/wefri.dk\/en\/explore\/hunting\/rules-access\/"},{"@type":"ListItem","position":5,"name":"Apply for permission"}]},{"@type":"WebSite","@id":"https:\/\/wefri.dk\/#website","url":"https:\/\/wefri.dk\/","name":"Wedellsborg","description":"Endnu en WordPress-blog","potentialAction":[{"@type":"SearchAction","target":{"@type":"EntryPoint","urlTemplate":"https:\/\/wefri.dk\/?s={search_term_string}"},"query-input":{"@type":"PropertyValueSpecification","valueRequired":true,"valueName":"search_term_string"}}],"inLanguage":"en-US"}]}},"_links":{"self":[{"href":"https:\/\/wefri.dk\/en\/wp-json\/wp\/v2\/pages\/2688","targetHints":{"allow":["GET"]}}],"collection":[{"href":"https:\/\/wefri.dk\/en\/wp-json\/wp\/v2\/pages"}],"about":[{"href":"https:\/\/wefri.dk\/en\/wp-json\/wp\/v2\/types\/page"}],"author":[{"embeddable":true,"href":"https:\/\/wefri.dk\/en\/wp-json\/wp\/v2\/users\/1"}],"replies":[{"embeddable":true,"href":"https:\/\/wefri.dk\/en\/wp-json\/wp\/v2\/comments?post=2688"}],"version-history":[{"count":8,"href":"https:\/\/wefri.dk\/en\/wp-json\/wp\/v2\/pages\/2688\/revisions"}],"predecessor-version":[{"id":3702,"href":"https:\/\/wefri.dk\/en\/wp-json\/wp\/v2\/pages\/2688\/revisions\/3702"}],"up":[{"embeddable":true,"href":"https:\/\/wefri.dk\/en\/wp-json\/wp\/v2\/pages\/1554"}],"wp:attachment":[{"href":"https:\/\/wefri.dk\/en\/wp-json\/wp\/v2\/media?parent=2688"}],"curies":[{"name":"wp","href":"https:\/\/api.w.org\/{rel}","templated":true}]}}